{"id":19934,"date":"2026-05-05T07:16:17","date_gmt":"2026-05-05T05:16:17","guid":{"rendered":"https:\/\/landanamusical.com\/tallers-esporadics\/"},"modified":"2026-05-05T07:18:41","modified_gmt":"2026-05-05T05:18:41","slug":"tallers-esporadics","status":"publish","type":"page","link":"https:\/\/landanamusical.com\/ca\/tallers-esporadics\/","title":{"rendered":"Tallers espor\u00e0dics"},"content":{"rendered":"<p><div class=\"fusion-fullwidth fullwidth-box fusion-builder-row-1 fusion-flex-container has-pattern-background has-mask-background nonhundred-percent-fullwidth non-hundred-percent-height-scrolling\" style=\"--awb-background-position:center top;--awb-border-radius-top-left:0px;--awb-border-radius-top-right:0px;--awb-border-radius-bottom-right:0px;--awb-border-radius-bottom-left:0px;--awb-padding-top:80px;--awb-padding-right:150px;--awb-padding-bottom:100px;--awb-padding-left:150px;--awb-padding-right-small:33.992999999999995px;--awb-padding-left-small:30.989999999999995px;--awb-margin-top:50px;--awb-margin-bottom:0px;--awb-background-color:#e2e2e2;--awb-background-image:linear-gradient(180deg, rgba(145,39,136,0.21) 0%,var(--awb-color1) 0%);--awb-flex-wrap:wrap;\" ><div class=\"fusion-builder-row fusion-row fusion-flex-align-items-stretch fusion-flex-content-wrap\" style=\"max-width:1456px;margin-left: calc(-4% \/ 2 );margin-right: calc(-4% \/ 2 );\"><div class=\"fusion-layout-column fusion_builder_column fusion-builder-column-0 fusion_builder_column_1_2 1_2 fusion-flex-column\" style=\"--awb-padding-top:40px;--awb-padding-right:20px;--awb-padding-bottom:40px;--awb-padding-left:20px;--awb-overflow:hidden;--awb-bg-color:#efb773;--awb-bg-color-hover:#efb773;--awb-bg-size:cover;--awb-box-shadow: 9px 11px var(--awb-color3);;--awb-border-radius:36px 36px 36px 36px;--awb-transform:translateX(0px);--awb-transform-hover:translateX(-30px);--awb-width-large:50%;--awb-margin-top-large:0px;--awb-spacing-right-large:3.84%;--awb-margin-bottom-large:20px;--awb-spacing-left-large:3.84%;--awb-width-medium:50%;--awb-order-medium:0;--awb-spacing-right-medium:3.84%;--awb-spacing-left-medium:3.84%;--awb-width-small:100%;--awb-order-small:0;--awb-spacing-right-small:1.92%;--awb-spacing-left-small:1.92%;\" data-scroll-devices=\"small-visibility,medium-visibility,large-visibility\"><div class=\"fusion-column-wrapper fusion-column-has-shadow fusion-flex-justify-content-flex-start fusion-content-layout-column\"><div class=\"fusion-title title fusion-title-1 fusion-sep-none fusion-title-center fusion-title-text fusion-title-size-div\" style=\"--awb-text-color:var(--awb-color8);--awb-margin-bottom:20px;--awb-font-size:25px;\"><div class=\"fusion-title-heading title-heading-center title-heading-tag fusion-responsive-typography-calculated\" style=\"margin:0;font-size:1em;letter-spacing:var(--awb-typography2-letter-spacing);text-transform:none;--fontSize:25;--minFontSize:25;line-height:1.2;\">Tallers espor\u00e0dics per a escoles, escoletes infantils, institucions, empreses i altres events.<\/div><\/div><div style=\"text-align:center;\"><a class=\"fusion-button button-flat fusion-button-default-size button-custom fusion-button-default button-1 fusion-button-default-span fusion-button-default-type fusion-has-button-gradient\" style=\"--button_accent_color:var(--awb-color1);--button_accent_hover_color:var(--awb-color1);--button_border_hover_color:rgba(255,255,255,0);--button-border-radius-top-left:20px;--button-border-radius-top-right:20px;--button-border-radius-bottom-right:20px;--button-border-radius-bottom-left:20px;--button_gradient_top_color:#b2478b;--button_gradient_bottom_color:var(--awb-color4);--button_gradient_top_color_hover:var(--awb-color7);--button_gradient_bottom_color_hover:var(--awb-color7);--button_typography-font-family:&quot;Raleway&quot;;--button_typography-font-style:normal;--button_typography-font-weight:400;\" target=\"_self\" href=\"#\" data-toggle=\"modal\" data-target=\".fusion-modal.tauno\"><span class=\"fusion-button-text awb-button__text awb-button__text--default\">Saber m\u00e9s<\/span><\/a><\/div><div class=\"fusion-modal modal fade modal-1 tauno\" tabindex=\"-1\" role=\"dialog\" aria-labelledby=\"modal-heading-1\" aria-hidden=\"true\" style=\"--awb-border-color:var(--awb-color3);--awb-background:hsla(var(--awb-color8-h),var(--awb-color8-s),calc( var(--awb-color8-l) + 83% ),var(--awb-color8-a));\"><div class=\"modal-dialog modal-lg\" role=\"document\"><div class=\"modal-content fusion-modal-content\"><div class=\"modal-header\"><button class=\"close\" type=\"button\" data-dismiss=\"modal\" aria-hidden=\"true\" aria-label=\"Close\">&times;<\/button><h3 class=\"modal-title\" id=\"modal-heading-1\" data-dismiss=\"modal\" aria-hidden=\"true\"><\/h3><\/div><div class=\"modal-body fusion-clearfix\">-Sessions de m\u00fasica per a fam\u00edlies i els seus beb\u00e9s des dels 2 mesos fins als 3 anys.<\/p>\n<p>-Sessions de m\u00fasica per a xicalla en tota l'etapa d'infantil on podran gaudir de la m\u00fasica, el ritme i el moviment a trav\u00e9s de diferents animals, jocs on la imaginaci\u00f3 i la creativitat s\u00f3n l'eix principal.<\/p>\n<p>-Sessions musicals de m\u00fasica per a l'alumnat de prim\u00e0ria. Activitats musicals i jocs adaptades al nivell maduratiu i capacitats de l'alumnat<\/div><\/div><\/div><\/div><\/div><\/div><div class=\"fusion-layout-column fusion_builder_column fusion-builder-column-1 fusion_builder_column_1_2 1_2 fusion-flex-column\" style=\"--awb-padding-top:40px;--awb-padding-right:20px;--awb-padding-bottom:40px;--awb-padding-left:20px;--awb-overflow:hidden;--awb-bg-color:#c4c6c4;--awb-bg-color-hover:#c4c6c4;--awb-bg-size:cover;--awb-box-shadow: 9px 11px var(--awb-color3);;--awb-border-radius:36px 36px 36px 36px;--awb-transform:translateY(0px);--awb-transform-hover:translateY(-40px);--awb-width-large:50%;--awb-margin-top-large:0px;--awb-spacing-right-large:3.84%;--awb-margin-bottom-large:20px;--awb-spacing-left-large:3.84%;--awb-width-medium:50%;--awb-order-medium:0;--awb-spacing-right-medium:3.84%;--awb-spacing-left-medium:3.84%;--awb-width-small:100%;--awb-order-small:0;--awb-spacing-right-small:1.92%;--awb-spacing-left-small:1.92%;\" data-scroll-devices=\"small-visibility,medium-visibility,large-visibility\"><div class=\"fusion-column-wrapper fusion-column-has-shadow fusion-flex-justify-content-flex-start fusion-content-layout-column\"><div class=\"fusion-title title fusion-title-2 fusion-sep-none fusion-title-center fusion-title-text fusion-title-size-div\" style=\"--awb-text-color:var(--awb-color8);--awb-margin-bottom:20px;--awb-font-size:25px;\"><div class=\"fusion-title-heading title-heading-center title-heading-tag fusion-responsive-typography-calculated\" style=\"margin:0;font-size:1em;letter-spacing:var(--awb-typography2-letter-spacing);text-transform:none;--fontSize:25;--minFontSize:25;line-height:1.2;\">Tallers espor\u00e0dics de m\u00fasica en fam\u00edlia a l'Andana.<\/div><\/div><div style=\"text-align:center;\"><a class=\"fusion-button button-flat fusion-button-default-size button-custom fusion-button-default button-2 fusion-button-default-span fusion-button-default-type fusion-has-button-gradient\" style=\"--button_accent_color:var(--awb-color1);--button_accent_hover_color:var(--awb-color1);--button_border_hover_color:rgba(255,255,255,0);--button-border-radius-top-left:20px;--button-border-radius-top-right:20px;--button-border-radius-bottom-right:20px;--button-border-radius-bottom-left:20px;--button_gradient_top_color:#b2478b;--button_gradient_bottom_color:var(--awb-color4);--button_gradient_top_color_hover:var(--awb-color7);--button_gradient_bottom_color_hover:var(--awb-color7);--button_typography-font-family:&quot;Raleway&quot;;--button_typography-font-style:normal;--button_typography-font-weight:400;\" target=\"_self\" href=\"#\" data-toggle=\"modal\" data-target=\".fusion-modal.tados\"><span class=\"fusion-button-text awb-button__text awb-button__text--default\">Saber m\u00e9s<\/span><\/a><\/div><div class=\"fusion-modal modal fade modal-2 tados\" tabindex=\"-1\" role=\"dialog\" aria-labelledby=\"modal-heading-2\" aria-hidden=\"true\" style=\"--awb-border-color:var(--awb-color3);--awb-background:hsla(var(--awb-color8-h),var(--awb-color8-s),calc( var(--awb-color8-l) + 83% ),var(--awb-color8-a));\"><div class=\"modal-dialog modal-lg\" role=\"document\"><div class=\"modal-content fusion-modal-content\"><div class=\"modal-header\"><button class=\"close\" type=\"button\" data-dismiss=\"modal\" aria-hidden=\"true\" aria-label=\"Close\">&times;<\/button><h3 class=\"modal-title\" id=\"modal-heading-2\" data-dismiss=\"modal\" aria-hidden=\"true\"><\/h3><\/div><div class=\"modal-body fusion-clearfix\">\n\n<\/div><\/div><\/div><\/div><\/div><\/div><\/div><\/div><div class=\"fusion-fullwidth fullwidth-box fusion-builder-row-2 fusion-flex-container has-pattern-background has-mask-background nonhundred-percent-fullwidth non-hundred-percent-height-scrolling\" style=\"--awb-border-radius-top-left:0px;--awb-border-radius-top-right:0px;--awb-border-radius-bottom-right:0px;--awb-border-radius-bottom-left:0px;--awb-background-color:var(--awb-color2);--awb-flex-wrap:wrap;\" ><div class=\"fusion-builder-row fusion-row fusion-flex-align-items-flex-start fusion-flex-content-wrap\" style=\"max-width:1456px;margin-left: calc(-4% \/ 2 );margin-right: calc(-4% \/ 2 );\"><div class=\"fusion-layout-column fusion_builder_column fusion-builder-column-2 fusion_builder_column_1_1 1_1 fusion-flex-column\" style=\"--awb-bg-color:var(--awb-color3);--awb-bg-color-hover:var(--awb-color3);--awb-bg-size:cover;--awb-width-large:100%;--awb-margin-top-large:0px;--awb-spacing-right-large:1.92%;--awb-margin-bottom-large:20px;--awb-spacing-left-large:1.92%;--awb-width-medium:100%;--awb-order-medium:0;--awb-spacing-right-medium:1.92%;--awb-spacing-left-medium:1.92%;--awb-width-small:100%;--awb-order-small:0;--awb-spacing-right-small:1.92%;--awb-spacing-left-small:1.92%;\" data-scroll-devices=\"small-visibility,medium-visibility,large-visibility\"><div class=\"fusion-column-wrapper fusion-column-has-shadow fusion-flex-justify-content-flex-start fusion-content-layout-column\"><div class=\"awb-gallery-wrapper awb-gallery-wrapper-1 button-span-no\" style=\"--more-btn-alignment:center;\" data-limit=\"10\" data-page=\"1\"><div style=\"margin:-5px;--awb-bordersize:0px;\" class=\"fusion-gallery fusion-gallery-container fusion-grid-2 fusion-columns-total-2 fusion-gallery-layout-grid fusion-gallery-1\"><div style=\"padding:5px;\" class=\"fusion-grid-column fusion-gallery-column fusion-gallery-column-2 hover-type-none\"><div class=\"fusion-gallery-image\"><a href=\"https:\/\/landanamusical.com\/wp-content\/uploads\/2025\/10\/tallers-de-musica-en-familia.png\" rel=\"noreferrer\" data-rel=\"iLightbox[gallery_image_1]\" class=\"fusion-lightbox\" target=\"_self\"><img decoding=\"async\" src=\"https:\/\/landanamusical.com\/wp-content\/uploads\/2025\/10\/tallers-de-musica-en-familia.png\" data-orig-src=\"https:\/\/landanamusical.com\/wp-content\/uploads\/2025\/10\/tallers-de-musica-en-familia.png\" width=\"1414\" height=\"2000\" alt=\"Tallers De M\u00fasica En Fam\u00edlia\" title=\"Tallers De M\u00fasica En Fam\u00edlia\" aria-label=\"Tallers De M\u00fasica En Fam\u00edlia\" class=\"lazyload img-responsive wp-image-19949\" srcset=\"data:image\/svg+xml,%3Csvg%20xmlns%3D%27http%3A%2F%2Fwww.w3.org%2F2000%2Fsvg%27%20width%3D%271414%27%20height%3D%272000%27%20viewBox%3D%270%200%201414%202000%27%3E%3Crect%20width%3D%271414%27%20height%3D%272000%27%20fill-opacity%3D%220%22%2F%3E%3C%2Fsvg%3E\" data-srcset=\"https:\/\/landanamusical.com\/wp-content\/uploads\/2025\/10\/tallers-de-musica-en-familia-200x283.png 200w, https:\/\/landanamusical.com\/wp-content\/uploads\/2025\/10\/tallers-de-musica-en-familia-400x566.png 400w, https:\/\/landanamusical.com\/wp-content\/uploads\/2025\/10\/tallers-de-musica-en-familia-600x849.png 600w, https:\/\/landanamusical.com\/wp-content\/uploads\/2025\/10\/tallers-de-musica-en-familia-800x1132.png 800w, https:\/\/landanamusical.com\/wp-content\/uploads\/2025\/10\/tallers-de-musica-en-familia-1200x1697.png 1200w, https:\/\/landanamusical.com\/wp-content\/uploads\/2025\/10\/tallers-de-musica-en-familia.png 1414w\" data-sizes=\"auto\" data-orig-sizes=\"(min-width: 2200px) 100vw, (min-width: 712px) 698px, (min-width: 640px) 712px, \" \/><\/a><\/div><\/div><div style=\"padding:5px;\" class=\"fusion-grid-column fusion-gallery-column fusion-gallery-column-2 hover-type-none\"><div class=\"fusion-gallery-image\"><a href=\"https:\/\/landanamusical.com\/wp-content\/uploads\/2025\/10\/tallers-de-musica-en-familia1.png\" rel=\"noreferrer\" data-rel=\"iLightbox[gallery_image_1]\" class=\"fusion-lightbox\" target=\"_self\"><img decoding=\"async\" src=\"https:\/\/landanamusical.com\/wp-content\/uploads\/2025\/10\/tallers-de-musica-en-familia1.png\" data-orig-src=\"https:\/\/landanamusical.com\/wp-content\/uploads\/2025\/10\/tallers-de-musica-en-familia1.png\" width=\"1414\" height=\"2000\" alt=\"Tallers De M\u00fasica En Fam\u00edlia(1)\" title=\"Tallers De M\u00fasica En Fam\u00edlia(1)\" aria-label=\"Tallers De M\u00fasica En Fam\u00edlia(1)\" class=\"lazyload img-responsive wp-image-19935\" srcset=\"data:image\/svg+xml,%3Csvg%20xmlns%3D%27http%3A%2F%2Fwww.w3.org%2F2000%2Fsvg%27%20width%3D%271414%27%20height%3D%272000%27%20viewBox%3D%270%200%201414%202000%27%3E%3Crect%20width%3D%271414%27%20height%3D%272000%27%20fill-opacity%3D%220%22%2F%3E%3C%2Fsvg%3E\" data-srcset=\"https:\/\/landanamusical.com\/wp-content\/uploads\/2025\/10\/tallers-de-musica-en-familia1-200x283.png 200w, https:\/\/landanamusical.com\/wp-content\/uploads\/2025\/10\/tallers-de-musica-en-familia1-400x566.png 400w, https:\/\/landanamusical.com\/wp-content\/uploads\/2025\/10\/tallers-de-musica-en-familia1-600x849.png 600w, https:\/\/landanamusical.com\/wp-content\/uploads\/2025\/10\/tallers-de-musica-en-familia1-800x1132.png 800w, https:\/\/landanamusical.com\/wp-content\/uploads\/2025\/10\/tallers-de-musica-en-familia1-1200x1697.png 1200w, https:\/\/landanamusical.com\/wp-content\/uploads\/2025\/10\/tallers-de-musica-en-familia1.png 1414w\" data-sizes=\"auto\" data-orig-sizes=\"(min-width: 2200px) 100vw, (min-width: 712px) 698px, (min-width: 640px) 712px, \" \/><\/a><\/div><\/div><div class=\"clearfix\"><\/div><\/div><\/div><\/div><\/div><\/div><\/div><\/p>\n","protected":false},"excerpt":{"rendered":"","protected":false},"author":1,"featured_media":0,"parent":0,"menu_order":0,"comment_status":"closed","ping_status":"closed","template":"","meta":{"footnotes":""},"class_list":["post-19934","page","type-page","status-publish","hentry"],"acf":[],"yoast_head":"<!-- This site is optimized with the Yoast SEO plugin v26.9 - https:\/\/yoast.com\/product\/yoast-seo-wordpress\/ -->\n<title>Tallers espor\u00e0dics - Gabriel Garces Such<\/title>\n<meta name=\"robots\" content=\"index, follow, max-snippet:-1, max-image-preview:large, max-video-preview:-1\" \/>\n<link rel=\"canonical\" href=\"https:\/\/landanamusical.com\/ca\/tallers-esporadics\/\" \/>\n<meta property=\"og:locale\" content=\"ca_ES\" \/>\n<meta property=\"og:type\" content=\"article\" \/>\n<meta property=\"og:title\" content=\"Tallers espor\u00e0dics - Gabriel Garces Such\" \/>\n<meta property=\"og:url\" content=\"https:\/\/landanamusical.com\/ca\/tallers-esporadics\/\" \/>\n<meta property=\"og:site_name\" content=\"Gabriel Garces Such\" \/>\n<meta property=\"article:modified_time\" content=\"2026-05-05T05:18:41+00:00\" \/>\n<meta name=\"twitter:card\" content=\"summary_large_image\" \/>\n<meta name=\"twitter:label1\" content=\"Temps estimat de lectura\" \/>\n\t<meta name=\"twitter:data1\" content=\"20 minuts\" \/>\n<!-- \/ Yoast SEO plugin. -->","yoast_head_json":{"title":"Tallers espor\u00e0dics - Gabriel Garces Such","robots":{"index":"index","follow":"follow","max-snippet":"max-snippet:-1","max-image-preview":"max-image-preview:large","max-video-preview":"max-video-preview:-1"},"canonical":"https:\/\/landanamusical.com\/ca\/tallers-esporadics\/","og_locale":"ca_ES","og_type":"article","og_title":"Tallers espor\u00e0dics - Gabriel Garces Such","og_url":"https:\/\/landanamusical.com\/ca\/tallers-esporadics\/","og_site_name":"Gabriel Garces Such","article_modified_time":"2026-05-05T05:18:41+00:00","twitter_card":"summary_large_image","twitter_misc":{"Temps estimat de lectura":"20 minuts"},"schema":{"@context":"https:\/\/schema.org","@graph":[{"@type":"WebPage","@id":"https:\/\/landanamusical.com\/ca\/tallers-esporadics\/","url":"https:\/\/landanamusical.com\/ca\/tallers-esporadics\/","name":"Tallers espor\u00e0dics - Gabriel Garces Such","isPartOf":{"@id":"https:\/\/landanamusical.com\/#website"},"datePublished":"2026-05-05T05:16:17+00:00","dateModified":"2026-05-05T05:18:41+00:00","breadcrumb":{"@id":"https:\/\/landanamusical.com\/ca\/tallers-esporadics\/#breadcrumb"},"inLanguage":"ca","potentialAction":[{"@type":"ReadAction","target":["https:\/\/landanamusical.com\/ca\/tallers-esporadics\/"]}]},{"@type":"BreadcrumbList","@id":"https:\/\/landanamusical.com\/ca\/tallers-esporadics\/#breadcrumb","itemListElement":[{"@type":"ListItem","position":1,"name":"Portada","item":"https:\/\/landanamusical.com\/ca\/"},{"@type":"ListItem","position":2,"name":"Tallers espor\u00e0dics"}]},{"@type":"WebSite","@id":"https:\/\/landanamusical.com\/#website","url":"https:\/\/landanamusical.com\/","name":"Gabriel Garces Such","description":"Escuela musical Valencia","potentialAction":[{"@type":"SearchAction","target":{"@type":"EntryPoint","urlTemplate":"https:\/\/landanamusical.com\/?s={search_term_string}"},"query-input":{"@type":"PropertyValueSpecification","valueRequired":true,"valueName":"search_term_string"}}],"inLanguage":"ca"},{"@type":"ImageObject","inLanguage":"ca","@id":"https:\/\/landanamusical.com\/ca\/tallers-esporadics\/#local-main-organization-logo","url":"","contentUrl":"","caption":"Gabriel Garces Such"}]}},"_links":{"self":[{"href":"https:\/\/landanamusical.com\/ca\/wp-json\/wp\/v2\/pages\/19934","targetHints":{"allow":["GET"]}}],"collection":[{"href":"https:\/\/landanamusical.com\/ca\/wp-json\/wp\/v2\/pages"}],"about":[{"href":"https:\/\/landanamusical.com\/ca\/wp-json\/wp\/v2\/types\/page"}],"author":[{"embeddable":true,"href":"https:\/\/landanamusical.com\/ca\/wp-json\/wp\/v2\/users\/1"}],"replies":[{"embeddable":true,"href":"https:\/\/landanamusical.com\/ca\/wp-json\/wp\/v2\/comments?post=19934"}],"version-history":[{"count":5,"href":"https:\/\/landanamusical.com\/ca\/wp-json\/wp\/v2\/pages\/19934\/revisions"}],"predecessor-version":[{"id":20148,"href":"https:\/\/landanamusical.com\/ca\/wp-json\/wp\/v2\/pages\/19934\/revisions\/20148"}],"wp:attachment":[{"href":"https:\/\/landanamusical.com\/ca\/wp-json\/wp\/v2\/media?parent=19934"}],"curies":[{"name":"wp","href":"https:\/\/api.w.org\/{rel}","templated":true}]}}