{"id":19936,"date":"2025-09-30T07:16:17","date_gmt":"2025-09-30T05:16:17","guid":{"rendered":"https:\/\/landanamusical.com\/clases-de-trompeta-valencia\/"},"modified":"2026-05-05T07:18:41","modified_gmt":"2026-05-05T05:18:41","slug":"clases-de-trompeta-valencia","status":"publish","type":"page","link":"https:\/\/landanamusical.com\/ca\/clases-de-trompeta-valencia\/","title":{"rendered":"Clases de trompeta Valencia"},"content":{"rendered":"<p><div class=\"fusion-fullwidth fullwidth-box fusion-builder-row-1 fusion-flex-container has-pattern-background has-mask-background nonhundred-percent-fullwidth non-hundred-percent-height-scrolling\" style=\"--awb-border-radius-top-left:0px;--awb-border-radius-top-right:0px;--awb-border-radius-bottom-right:0px;--awb-border-radius-bottom-left:0px;--awb-margin-top:10px;--awb-margin-bottom:10px;--awb-flex-wrap:wrap;\" ><div class=\"fusion-builder-row fusion-row fusion-flex-align-items-flex-start fusion-flex-content-wrap\" style=\"max-width:1456px;margin-left: calc(-4% \/ 2 );margin-right: calc(-4% \/ 2 );\"><div class=\"fusion-layout-column fusion_builder_column fusion-builder-column-0 fusion_builder_column_1_1 1_1 fusion-flex-column\" style=\"--awb-bg-size:cover;--awb-width-large:100%;--awb-margin-top-large:0px;--awb-spacing-right-large:1.92%;--awb-margin-bottom-large:20px;--awb-spacing-left-large:1.92%;--awb-width-medium:100%;--awb-order-medium:0;--awb-spacing-right-medium:1.92%;--awb-spacing-left-medium:1.92%;--awb-width-small:100%;--awb-order-small:0;--awb-spacing-right-small:1.92%;--awb-spacing-left-small:1.92%;\"><div class=\"fusion-column-wrapper fusion-column-has-shadow fusion-flex-justify-content-flex-start fusion-content-layout-column\"><div class=\"fusion-title title fusion-title-1 fusion-sep-none fusion-title-center fusion-title-text fusion-title-size-three\"><h3 class=\"fusion-title-heading title-heading-center fusion-responsive-typography-calculated\" style=\"margin:0;text-transform:capitalize;--fontSize:40;line-height:var(--awb-typography1-line-height);\">Clases de Trompeta en Valencia<\/h3><\/div><div class=\"fusion-text fusion-text-1\" style=\"--awb-content-alignment:center;\"><p data-start=\"374\" data-end=\"698\">Descubre el apasionante mundo del viento metal con nuestras <strong data-start=\"434\" data-end=\"468\">clases de trompeta en Valencia<\/strong>, dise\u00f1adas para todas las edades y niveles. Ya seas principiante o tengas experiencia, aprender\u00e1s a dominar este instrumento con la ayuda de profesores expertos y un m\u00e9todo personalizado que combina t\u00e9cnica, expresi\u00f3n y disfrute.<\/p>\n<p data-start=\"700\" data-end=\"1046\">En nuestra escuela creemos que <strong data-start=\"731\" data-end=\"781\">aprender trompeta es mucho m\u00e1s que tocar notas<\/strong>: es aprender a respirar con control, desarrollar el o\u00eddo musical y conectar con la emoci\u00f3n que transmite cada sonido. Por eso, creamos un ambiente de aprendizaje <strong data-start=\"944\" data-end=\"978\">ameno, motivador y profesional<\/strong>, donde cada alumno avanza a su propio ritmo y con objetivos claros.<\/p>\n<\/div><div style=\"text-align:center;\"><a class=\"fusion-button button-flat button-xlarge button-default fusion-button-default button-1 fusion-button-default-span fusion-button-default-type\" target=\"_self\" href=\"https:\/\/landanamusical.com\/cursos\/\"><span class=\"fusion-button-text awb-button__text awb-button__text--default\">Ver cursos<\/span><\/a><\/div><\/div><\/div><\/div><\/div><div class=\"fusion-fullwidth fullwidth-box fusion-builder-row-2 fusion-flex-container has-pattern-background has-mask-background nonhundred-percent-fullwidth non-hundred-percent-height-scrolling\" style=\"--awb-border-radius-top-left:0px;--awb-border-radius-top-right:0px;--awb-border-radius-bottom-right:0px;--awb-border-radius-bottom-left:0px;--awb-margin-top:10px;--awb-margin-bottom:10px;--awb-flex-wrap:wrap;\" ><div class=\"fusion-builder-row fusion-row fusion-flex-align-items-stretch fusion-flex-content-wrap\" style=\"max-width:1456px;margin-left: calc(-4% \/ 2 );margin-right: calc(-4% \/ 2 );\"><div class=\"fusion-layout-column fusion_builder_column fusion-builder-column-1 fusion_builder_column_1_2 1_2 fusion-flex-column fusion-flex-align-self-stretch\" style=\"--awb-bg-size:cover;--awb-width-large:50%;--awb-margin-top-large:0px;--awb-spacing-right-large:3.84%;--awb-margin-bottom-large:20px;--awb-spacing-left-large:3.84%;--awb-width-medium:50%;--awb-order-medium:0;--awb-spacing-right-medium:3.84%;--awb-spacing-left-medium:3.84%;--awb-width-small:100%;--awb-order-small:0;--awb-spacing-right-small:1.92%;--awb-spacing-left-small:1.92%;\" data-scroll-devices=\"small-visibility,medium-visibility,large-visibility\"><div class=\"fusion-column-wrapper lazyload fusion-column-has-shadow fusion-flex-justify-content-flex-start fusion-content-layout-column fusion-empty-column-bg-image fusion-column-has-bg-image\" data-bg-url=\"https:\/\/landanamusical.com\/wp-content\/uploads\/2025\/09\/trompeta2-scaled.jpg\" data-bg=\"https:\/\/landanamusical.com\/wp-content\/uploads\/2025\/09\/trompeta2-scaled.jpg\"><img decoding=\"async\" class=\"fusion-empty-dims-img-placeholder fusion-no-large-visibility fusion-no-medium-visibility\" alt=\"Trompeta(2)\" aria-label=\"Trompeta(2)\" src=\"data:image\/svg+xml,%3Csvg%20xmlns%3D%27http%3A%2F%2Fwww.w3.org%2F2000%2Fsvg%27%20width%3D%272560%27%20height%3D%271707%27%20viewBox%3D%270%200%202560%201707%27%3E%3Crect%20width%3D%272560%27%20height%3D%271707%27%20fill-opacity%3D%220%22%2F%3E%3C%2Fsvg%3E\"><\/div><\/div><div class=\"fusion-layout-column fusion_builder_column fusion-builder-column-2 fusion_builder_column_1_2 1_2 fusion-flex-column fusion-flex-align-self-center\" style=\"--awb-bg-size:cover;--awb-width-large:50%;--awb-margin-top-large:0px;--awb-spacing-right-large:3.84%;--awb-margin-bottom-large:20px;--awb-spacing-left-large:3.84%;--awb-width-medium:50%;--awb-order-medium:0;--awb-spacing-right-medium:3.84%;--awb-spacing-left-medium:3.84%;--awb-width-small:100%;--awb-order-small:0;--awb-spacing-right-small:1.92%;--awb-spacing-left-small:1.92%;\" data-scroll-devices=\"small-visibility,medium-visibility,large-visibility\"><div class=\"fusion-column-wrapper fusion-column-has-shadow fusion-flex-justify-content-center fusion-content-layout-column\"><div class=\"fusion-title title fusion-title-2 fusion-sep-none fusion-title-text fusion-title-size-four\"><h4 class=\"fusion-title-heading title-heading-left fusion-responsive-typography-calculated\" style=\"margin:0;text-transform:capitalize;--fontSize:30;line-height:var(--awb-typography1-line-height);\">Aprende desde cero o mejora tu t\u00e9cnica<\/h4><\/div><div class=\"fusion-text fusion-text-2\"><p data-start=\"1103\" data-end=\"1286\">Nuestras <strong data-start=\"1112\" data-end=\"1146\">clases de trompeta en Valencia<\/strong> est\u00e1n pensadas tanto para <strong data-start=\"1173\" data-end=\"1190\">principiantes<\/strong> que se inician desde cero como para <strong data-start=\"1227\" data-end=\"1248\">m\u00fasicos avanzados<\/strong> que buscan perfeccionar su t\u00e9cnica.<\/p>\n<p data-start=\"1288\" data-end=\"1348\">Si est\u00e1s empezando, aprender\u00e1s los fundamentos esenciales:<\/p>\n<ul data-start=\"1349\" data-end=\"1532\">\n<li data-start=\"1349\" data-end=\"1402\">\n<p data-start=\"1351\" data-end=\"1402\"><strong data-start=\"1351\" data-end=\"1400\">Postura corporal y respiraci\u00f3n diafragm\u00e1tica.<\/strong><\/p>\n<\/li>\n<li data-start=\"1403\" data-end=\"1449\">\n<p data-start=\"1405\" data-end=\"1449\"><strong data-start=\"1405\" data-end=\"1447\">Emisi\u00f3n del sonido y control del aire.<\/strong><\/p>\n<\/li>\n<li data-start=\"1450\" data-end=\"1493\">\n<p data-start=\"1452\" data-end=\"1493\"><strong data-start=\"1452\" data-end=\"1491\">Lectura musical y primeras escalas.<\/strong><\/p>\n<\/li>\n<li data-start=\"1494\" data-end=\"1532\">\n<p data-start=\"1496\" data-end=\"1532\"><strong data-start=\"1496\" data-end=\"1530\">Ritmo, entonaci\u00f3n y afinaci\u00f3n.<\/strong><\/p>\n<\/li>\n<\/ul>\n<p data-start=\"1534\" data-end=\"1587\">Para los alumnos con experiencia, nos centramos en:<\/p>\n<ul data-start=\"1588\" data-end=\"1826\">\n<li data-start=\"1588\" data-end=\"1630\">\n<p data-start=\"1590\" data-end=\"1630\"><strong data-start=\"1590\" data-end=\"1628\">Mejorar el sonido y la proyecci\u00f3n.<\/strong><\/p>\n<\/li>\n<li data-start=\"1631\" data-end=\"1697\">\n<p data-start=\"1633\" data-end=\"1697\"><strong data-start=\"1633\" data-end=\"1695\">Desarrollar t\u00e9cnica avanzada de digitaci\u00f3n y articulaci\u00f3n.<\/strong><\/p>\n<\/li>\n<li data-start=\"1698\" data-end=\"1762\">\n<p data-start=\"1700\" data-end=\"1762\"><strong data-start=\"1700\" data-end=\"1760\">Interpretaci\u00f3n de repertorios cl\u00e1sicos, jazz y modernos.<\/strong><\/p>\n<\/li>\n<li data-start=\"1763\" data-end=\"1826\">\n<p data-start=\"1765\" data-end=\"1826\"><strong data-start=\"1765\" data-end=\"1824\">Preparaci\u00f3n para pruebas de conservatorio o audiciones.<\/strong><\/p>\n<\/li>\n<\/ul>\n<p data-start=\"1828\" data-end=\"2006\">Cada clase est\u00e1 estructurada de forma din\u00e1mica, combinando ejercicios pr\u00e1cticos, teor\u00eda aplicada y acompa\u00f1amientos musicales para que el aprendizaje sea <strong data-start=\"1981\" data-end=\"2005\">efectivo y divertido<\/strong>.<\/p>\n<\/div><div ><a class=\"fusion-button button-flat button-xlarge button-default fusion-button-default button-2 fusion-button-default-span fusion-button-default-type\" target=\"_self\" href=\"https:\/\/landanamusical.com\/professorat\/\"><span class=\"fusion-button-text awb-button__text awb-button__text--default\">Conocenos<\/span><\/a><\/div><\/div><\/div><\/div><\/div><div class=\"fusion-fullwidth fullwidth-box fusion-builder-row-3 fusion-flex-container has-pattern-background has-mask-background nonhundred-percent-fullwidth non-hundred-percent-height-scrolling\" style=\"--awb-border-radius-top-left:0px;--awb-border-radius-top-right:0px;--awb-border-radius-bottom-right:0px;--awb-border-radius-bottom-left:0px;--awb-margin-top:10px;--awb-margin-bottom:10px;--awb-flex-wrap:wrap;\" ><div class=\"fusion-builder-row fusion-row fusion-flex-align-items-stretch fusion-flex-content-wrap\" style=\"max-width:1456px;margin-left: calc(-4% \/ 2 );margin-right: calc(-4% \/ 2 );\"><div class=\"fusion-layout-column fusion_builder_column fusion-builder-column-3 fusion_builder_column_1_2 1_2 fusion-flex-column fusion-flex-align-self-center\" style=\"--awb-bg-size:cover;--awb-width-large:50%;--awb-margin-top-large:0px;--awb-spacing-right-large:3.84%;--awb-margin-bottom-large:20px;--awb-spacing-left-large:3.84%;--awb-width-medium:50%;--awb-order-medium:0;--awb-spacing-right-medium:3.84%;--awb-spacing-left-medium:3.84%;--awb-width-small:100%;--awb-order-small:0;--awb-spacing-right-small:1.92%;--awb-spacing-left-small:1.92%;\" data-scroll-devices=\"small-visibility,medium-visibility,large-visibility\"><div class=\"fusion-column-wrapper fusion-column-has-shadow fusion-flex-justify-content-center fusion-content-layout-column\"><div class=\"fusion-title title fusion-title-3 fusion-sep-none fusion-title-text fusion-title-size-four\"><h4 class=\"fusion-title-heading title-heading-left fusion-responsive-typography-calculated\" style=\"margin:0;text-transform:capitalize;--fontSize:30;line-height:var(--awb-typography1-line-height);\">Profesores especializados en trompeta<\/h4><\/div><div class=\"fusion-text fusion-text-3\"><p data-start=\"2065\" data-end=\"2351\">Nuestro equipo est\u00e1 formado por <strong data-start=\"2097\" data-end=\"2155\">profesores titulados y m\u00fasicos profesionales en activo<\/strong>, con amplia experiencia en orquestas, bandas y proyectos musicales de diferentes estilos.<br data-start=\"2245\" data-end=\"2248\" \/>La ense\u00f1anza se adapta al perfil del alumno: ni\u00f1os, j\u00f3venes o adultos, con o sin conocimientos previos.<\/p>\n<p data-start=\"2353\" data-end=\"2590\">Utilizamos <strong data-start=\"2364\" data-end=\"2396\">m\u00e9todos pedag\u00f3gicos actuales<\/strong> que garantizan una evoluci\u00f3n s\u00f3lida y motivadora. Los alumnos reciben atenci\u00f3n personalizada y feedback constante para corregir h\u00e1bitos, mejorar la t\u00e9cnica y disfrutar plenamente del proceso.<\/p>\n<p data-start=\"2592\" data-end=\"2758\">Adem\u00e1s, fomentamos la participaci\u00f3n en <strong data-start=\"2631\" data-end=\"2675\">audiciones, ensambles y grupos de viento<\/strong>, donde podr\u00e1s poner en pr\u00e1ctica lo aprendido y ganar confianza sobre el escenario.<\/p>\n<\/div><\/div><\/div><div class=\"fusion-layout-column fusion_builder_column fusion-builder-column-4 fusion_builder_column_1_2 1_2 fusion-flex-column fusion-flex-align-self-stretch\" style=\"--awb-bg-size:cover;--awb-width-large:50%;--awb-margin-top-large:0px;--awb-spacing-right-large:3.84%;--awb-margin-bottom-large:20px;--awb-spacing-left-large:3.84%;--awb-width-medium:50%;--awb-order-medium:0;--awb-spacing-right-medium:3.84%;--awb-spacing-left-medium:3.84%;--awb-width-small:100%;--awb-order-small:0;--awb-spacing-right-small:1.92%;--awb-spacing-left-small:1.92%;\" data-scroll-devices=\"small-visibility,medium-visibility,large-visibility\"><div class=\"fusion-column-wrapper lazyload fusion-column-has-shadow fusion-flex-justify-content-flex-start fusion-content-layout-column fusion-empty-column-bg-image fusion-column-has-bg-image\" data-bg-url=\"https:\/\/landanamusical.com\/wp-content\/uploads\/2025\/09\/trompeta-scaled.jpg\" data-bg=\"https:\/\/landanamusical.com\/wp-content\/uploads\/2025\/09\/trompeta-scaled.jpg\"><img decoding=\"async\" class=\"fusion-empty-dims-img-placeholder fusion-no-large-visibility fusion-no-medium-visibility\" alt=\"Trompeta\" aria-label=\"Trompeta\" src=\"data:image\/svg+xml,%3Csvg%20xmlns%3D%27http%3A%2F%2Fwww.w3.org%2F2000%2Fsvg%27%20width%3D%272560%27%20height%3D%271707%27%20viewBox%3D%270%200%202560%201707%27%3E%3Crect%20width%3D%272560%27%20height%3D%271707%27%20fill-opacity%3D%220%22%2F%3E%3C%2Fsvg%3E\"><\/div><\/div><\/div><\/div><div class=\"fusion-fullwidth fullwidth-box fusion-builder-row-4 fusion-flex-container has-pattern-background has-mask-background nonhundred-percent-fullwidth non-hundred-percent-height-scrolling\" style=\"--awb-border-radius-top-left:0px;--awb-border-radius-top-right:0px;--awb-border-radius-bottom-right:0px;--awb-border-radius-bottom-left:0px;--awb-margin-top:10px;--awb-margin-bottom:10px;--awb-flex-wrap:wrap;\" ><div class=\"fusion-builder-row fusion-row fusion-flex-align-items-flex-start fusion-flex-content-wrap\" style=\"max-width:1456px;margin-left: calc(-4% \/ 2 );margin-right: calc(-4% \/ 2 );\"><div class=\"fusion-layout-column fusion_builder_column fusion-builder-column-5 fusion_builder_column_1_1 1_1 fusion-flex-column\" style=\"--awb-bg-size:cover;--awb-width-large:100%;--awb-margin-top-large:0px;--awb-spacing-right-large:1.92%;--awb-margin-bottom-large:20px;--awb-spacing-left-large:1.92%;--awb-width-medium:100%;--awb-order-medium:0;--awb-spacing-right-medium:1.92%;--awb-spacing-left-medium:1.92%;--awb-width-small:100%;--awb-order-small:0;--awb-spacing-right-small:1.92%;--awb-spacing-left-small:1.92%;\"><div class=\"fusion-column-wrapper fusion-column-has-shadow fusion-flex-justify-content-flex-start fusion-content-layout-column\"><div class=\"fusion-title title fusion-title-4 fusion-sep-none fusion-title-center fusion-title-text fusion-title-size-three\"><h3 class=\"fusion-title-heading title-heading-center fusion-responsive-typography-calculated\" style=\"margin:0;text-transform:capitalize;--fontSize:40;line-height:var(--awb-typography1-line-height);\">Aprende trompeta cl\u00e1sica, moderna o jazz<\/h3><\/div><div class=\"fusion-text fusion-text-4\" style=\"--awb-content-alignment:center;\"><p data-start=\"3549\" data-end=\"3851\">Una de las grandes ventajas de nuestras <strong data-start=\"2857\" data-end=\"2891\">clases de trompeta en Valencia<\/strong> es la <strong data-start=\"2898\" data-end=\"2931\">variedad de estilos musicales<\/strong> que puedes estudiar.<\/p>\n<p data-start=\"3549\" data-end=\"3851\">Ofrecemos formaci\u00f3n en <strong data-start=\"2978\" data-end=\"2998\">trompeta cl\u00e1sica<\/strong>, centrada en la t\u00e9cnica tradicional y repertorio de c\u00e1mara y orquesta, as\u00ed como <strong data-start=\"3079\" data-end=\"3106\">trompeta moderna y jazz<\/strong>, donde aprender\u00e1s improvisaci\u00f3n, escalas modales, armon\u00eda y expresi\u00f3n esc\u00e9nica.<\/p>\n<\/div><\/div><\/div><\/div><\/div><\/p>\n","protected":false},"excerpt":{"rendered":"","protected":false},"author":1,"featured_media":0,"parent":0,"menu_order":0,"comment_status":"closed","ping_status":"closed","template":"","meta":{"footnotes":""},"class_list":["post-19936","page","type-page","status-publish","hentry"],"acf":[],"yoast_head":"<!-- This site is optimized with the Yoast SEO plugin v26.9 - https:\/\/yoast.com\/product\/yoast-seo-wordpress\/ -->\n<title>Clases de trompeta Valencia - Gabriel Garces Such<\/title>\n<meta name=\"robots\" content=\"index, follow, max-snippet:-1, max-image-preview:large, max-video-preview:-1\" \/>\n<link rel=\"canonical\" href=\"https:\/\/landanamusical.com\/ca\/clases-de-trompeta-valencia\/\" \/>\n<meta property=\"og:locale\" content=\"ca_ES\" \/>\n<meta property=\"og:type\" content=\"article\" \/>\n<meta property=\"og:title\" content=\"Clases de trompeta Valencia - Gabriel Garces Such\" \/>\n<meta property=\"og:url\" content=\"https:\/\/landanamusical.com\/ca\/clases-de-trompeta-valencia\/\" \/>\n<meta property=\"og:site_name\" content=\"Gabriel Garces Such\" \/>\n<meta property=\"article:modified_time\" content=\"2026-05-05T05:18:41+00:00\" \/>\n<meta name=\"twitter:card\" content=\"summary_large_image\" \/>\n<meta name=\"twitter:label1\" content=\"Temps estimat de lectura\" \/>\n\t<meta name=\"twitter:data1\" content=\"36 minuts\" \/>\n<!-- \/ Yoast SEO plugin. -->","yoast_head_json":{"title":"Clases de trompeta Valencia - Gabriel Garces Such","robots":{"index":"index","follow":"follow","max-snippet":"max-snippet:-1","max-image-preview":"max-image-preview:large","max-video-preview":"max-video-preview:-1"},"canonical":"https:\/\/landanamusical.com\/ca\/clases-de-trompeta-valencia\/","og_locale":"ca_ES","og_type":"article","og_title":"Clases de trompeta Valencia - Gabriel Garces Such","og_url":"https:\/\/landanamusical.com\/ca\/clases-de-trompeta-valencia\/","og_site_name":"Gabriel Garces Such","article_modified_time":"2026-05-05T05:18:41+00:00","twitter_card":"summary_large_image","twitter_misc":{"Temps estimat de lectura":"36 minuts"},"schema":{"@context":"https:\/\/schema.org","@graph":[{"@type":"WebPage","@id":"https:\/\/landanamusical.com\/ca\/clases-de-trompeta-valencia\/","url":"https:\/\/landanamusical.com\/ca\/clases-de-trompeta-valencia\/","name":"Clases de trompeta Valencia - Gabriel Garces Such","isPartOf":{"@id":"https:\/\/landanamusical.com\/#website"},"datePublished":"2025-09-30T05:16:17+00:00","dateModified":"2026-05-05T05:18:41+00:00","breadcrumb":{"@id":"https:\/\/landanamusical.com\/ca\/clases-de-trompeta-valencia\/#breadcrumb"},"inLanguage":"ca","potentialAction":[{"@type":"ReadAction","target":["https:\/\/landanamusical.com\/ca\/clases-de-trompeta-valencia\/"]}]},{"@type":"BreadcrumbList","@id":"https:\/\/landanamusical.com\/ca\/clases-de-trompeta-valencia\/#breadcrumb","itemListElement":[{"@type":"ListItem","position":1,"name":"Portada","item":"https:\/\/landanamusical.com\/ca\/"},{"@type":"ListItem","position":2,"name":"Clases de trompeta Valencia"}]},{"@type":"WebSite","@id":"https:\/\/landanamusical.com\/#website","url":"https:\/\/landanamusical.com\/","name":"Gabriel Garces Such","description":"Escuela musical Valencia","potentialAction":[{"@type":"SearchAction","target":{"@type":"EntryPoint","urlTemplate":"https:\/\/landanamusical.com\/?s={search_term_string}"},"query-input":{"@type":"PropertyValueSpecification","valueRequired":true,"valueName":"search_term_string"}}],"inLanguage":"ca"},{"@type":"ImageObject","inLanguage":"ca","@id":"https:\/\/landanamusical.com\/ca\/clases-de-trompeta-valencia\/#local-main-organization-logo","url":"","contentUrl":"","caption":"Gabriel Garces Such"}]}},"_links":{"self":[{"href":"https:\/\/landanamusical.com\/ca\/wp-json\/wp\/v2\/pages\/19936","targetHints":{"allow":["GET"]}}],"collection":[{"href":"https:\/\/landanamusical.com\/ca\/wp-json\/wp\/v2\/pages"}],"about":[{"href":"https:\/\/landanamusical.com\/ca\/wp-json\/wp\/v2\/types\/page"}],"author":[{"embeddable":true,"href":"https:\/\/landanamusical.com\/ca\/wp-json\/wp\/v2\/users\/1"}],"replies":[{"embeddable":true,"href":"https:\/\/landanamusical.com\/ca\/wp-json\/wp\/v2\/comments?post=19936"}],"version-history":[{"count":4,"href":"https:\/\/landanamusical.com\/ca\/wp-json\/wp\/v2\/pages\/19936\/revisions"}],"predecessor-version":[{"id":20144,"href":"https:\/\/landanamusical.com\/ca\/wp-json\/wp\/v2\/pages\/19936\/revisions\/20144"}],"wp:attachment":[{"href":"https:\/\/landanamusical.com\/ca\/wp-json\/wp\/v2\/media?parent=19936"}],"curies":[{"name":"wp","href":"https:\/\/api.w.org\/{rel}","templated":true}]}}