{"id":19937,"date":"2025-10-04T07:16:17","date_gmt":"2025-10-04T05:16:17","guid":{"rendered":"https:\/\/landanamusical.com\/escuela-de-musica-infantil-valencia\/"},"modified":"2026-05-05T08:27:16","modified_gmt":"2026-05-05T06:27:16","slug":"escuela-de-musica-infantil-valencia","status":"publish","type":"page","link":"https:\/\/landanamusical.com\/ca\/escuela-de-musica-infantil-valencia\/","title":{"rendered":"Escuela de musica infantil Valencia"},"content":{"rendered":"<p><div class=\"fusion-fullwidth fullwidth-box fusion-builder-row-1 fusion-flex-container has-pattern-background has-mask-background nonhundred-percent-fullwidth non-hundred-percent-height-scrolling\" style=\"--awb-border-radius-top-left:0px;--awb-border-radius-top-right:0px;--awb-border-radius-bottom-right:0px;--awb-border-radius-bottom-left:0px;--awb-margin-top:10px;--awb-margin-bottom:10px;--awb-flex-wrap:wrap;\" ><div class=\"fusion-builder-row fusion-row fusion-flex-align-items-flex-start fusion-flex-content-wrap\" style=\"max-width:1456px;margin-left: calc(-4% \/ 2 );margin-right: calc(-4% \/ 2 );\"><div class=\"fusion-layout-column fusion_builder_column fusion-builder-column-0 fusion_builder_column_1_1 1_1 fusion-flex-column\" style=\"--awb-bg-size:cover;--awb-width-large:100%;--awb-margin-top-large:0px;--awb-spacing-right-large:1.92%;--awb-margin-bottom-large:20px;--awb-spacing-left-large:1.92%;--awb-width-medium:100%;--awb-order-medium:0;--awb-spacing-right-medium:1.92%;--awb-spacing-left-medium:1.92%;--awb-width-small:100%;--awb-order-small:0;--awb-spacing-right-small:1.92%;--awb-spacing-left-small:1.92%;\"><div class=\"fusion-column-wrapper fusion-column-has-shadow fusion-flex-justify-content-flex-start fusion-content-layout-column\"><div class=\"fusion-title title fusion-title-1 fusion-sep-none fusion-title-center fusion-title-text fusion-title-size-three\"><h3 class=\"fusion-title-heading title-heading-center fusion-responsive-typography-calculated\" style=\"margin:0;text-transform:capitalize;--fontSize:40;line-height:var(--awb-typography1-line-height);\">Escuela de M\u00fasica Infantil en Valencia<\/h3><\/div><div class=\"fusion-text fusion-text-1\" style=\"--awb-content-alignment:center;\"><p><strong data-start=\"568\" data-end=\"627\">Bienvenidos a la Escuela de M\u00fasica Infantil en Valencia<\/strong>, un espacio donde la creatividad, la sensibilidad art\u00edstica y la diversi\u00f3n se unen para ofrecer a los ni\u00f1os una experiencia musical inolvidable.<\/p>\n<p>Creemos firmemente que la<strong data-start=\"801\" data-end=\"849\">m\u00fasica es una herramienta educativa esencial<\/strong>que impulsa el desarrollo emocional, cognitivo y social de los m\u00e1s peque\u00f1os. Por eso, en nuestra escuela fomentamos un ambiente alegre, seguro y participativo en el que cada alumno puede descubrir su talento a su propio ritmo.<\/p>\n<\/div><div style=\"text-align:center;\"><a class=\"fusion-button button-flat button-xlarge button-default fusion-button-default button-1 fusion-button-default-span fusion-button-default-type\" target=\"_self\" href=\"https:\/\/landanamusical.com\/ca\/cursos\/\"><span class=\"fusion-button-text awb-button__text awb-button__text--default\">Ver cursos<\/span><\/a><\/div><\/div><\/div><\/div><\/div><div class=\"fusion-fullwidth fullwidth-box fusion-builder-row-2 fusion-flex-container has-pattern-background has-mask-background nonhundred-percent-fullwidth non-hundred-percent-height-scrolling\" style=\"--awb-border-radius-top-left:0px;--awb-border-radius-top-right:0px;--awb-border-radius-bottom-right:0px;--awb-border-radius-bottom-left:0px;--awb-margin-top:10px;--awb-margin-bottom:10px;--awb-flex-wrap:wrap;\" ><div class=\"fusion-builder-row fusion-row fusion-flex-align-items-stretch fusion-flex-content-wrap\" style=\"max-width:1456px;margin-left: calc(-4% \/ 2 );margin-right: calc(-4% \/ 2 );\"><div class=\"fusion-layout-column fusion_builder_column fusion-builder-column-1 fusion_builder_column_1_2 1_2 fusion-flex-column fusion-flex-align-self-stretch\" style=\"--awb-bg-size:cover;--awb-width-large:50%;--awb-margin-top-large:0px;--awb-spacing-right-large:3.84%;--awb-margin-bottom-large:20px;--awb-spacing-left-large:3.84%;--awb-width-medium:50%;--awb-order-medium:0;--awb-spacing-right-medium:3.84%;--awb-spacing-left-medium:3.84%;--awb-width-small:100%;--awb-order-small:0;--awb-spacing-right-small:1.92%;--awb-spacing-left-small:1.92%;\" data-scroll-devices=\"small-visibility,medium-visibility,large-visibility\"><div class=\"fusion-column-wrapper lazyload fusion-column-has-shadow fusion-flex-justify-content-flex-start fusion-content-layout-column fusion-empty-column-bg-image fusion-column-has-bg-image\" data-bg-url=\"https:\/\/landanamusical.com\/wp-content\/uploads\/2025\/09\/musica-en-familia7-scaled.jpg\" data-bg=\"https:\/\/landanamusical.com\/wp-content\/uploads\/2025\/09\/musica-en-familia7-scaled.jpg\"><img decoding=\"async\" class=\"fusion-empty-dims-img-placeholder fusion-no-large-visibility fusion-no-medium-visibility\" alt=\"M\u00fasica En Fam\u00edlia(7)\" aria-label=\"M\u00fasica En Fam\u00edlia(7)\" src=\"data:image\/svg+xml,%3Csvg%20xmlns%3D%27http%3A%2F%2Fwww.w3.org%2F2000%2Fsvg%27%20width%3D%272560%27%20height%3D%271707%27%20viewBox%3D%270%200%202560%201707%27%3E%3Crect%20width%3D%272560%27%20height%3D%271707%27%20fill-opacity%3D%220%22%2F%3E%3C%2Fsvg%3E\"><\/div><\/div><div class=\"fusion-layout-column fusion_builder_column fusion-builder-column-2 fusion_builder_column_1_2 1_2 fusion-flex-column fusion-flex-align-self-center\" style=\"--awb-bg-size:cover;--awb-width-large:50%;--awb-margin-top-large:0px;--awb-spacing-right-large:3.84%;--awb-margin-bottom-large:20px;--awb-spacing-left-large:3.84%;--awb-width-medium:50%;--awb-order-medium:0;--awb-spacing-right-medium:3.84%;--awb-spacing-left-medium:3.84%;--awb-width-small:100%;--awb-order-small:0;--awb-spacing-right-small:1.92%;--awb-spacing-left-small:1.92%;\" data-scroll-devices=\"small-visibility,medium-visibility,large-visibility\"><div class=\"fusion-column-wrapper fusion-column-has-shadow fusion-flex-justify-content-center fusion-content-layout-column\"><div class=\"fusion-title title fusion-title-2 fusion-sep-none fusion-title-text fusion-title-size-four\"><h4 class=\"fusion-title-heading title-heading-left fusion-responsive-typography-calculated\" style=\"margin:0;text-transform:capitalize;--fontSize:30;line-height:var(--awb-typography1-line-height);\">Aprendizaje musical adaptado a cada edad<\/h4><\/div><div class=\"fusion-text fusion-text-2\"><p data-start=\"1469\" data-end=\"1656\">En la<strong data-start=\"1475\" data-end=\"1517\">Escuela de M\u00fasica Infantil de Valencia<\/strong>ofrecemos programas adaptados a las diferentes etapas del crecimiento, comprendiendo que cada ni\u00f1o aprende y se expresa de forma \u00fanica.<\/p>\n<p data-start=\"1658\" data-end=\"1900\">Para los m\u00e1s peque\u00f1os, de<strong data-start=\"1684\" data-end=\"1698\">3 a 6 a\u00f1os<\/strong>, contamos con clases de<strong data-start=\"1723\" data-end=\"1745\">iniciaci\u00f3n musical<\/strong>, donde a trav\u00e9s de juegos, canciones y ejercicios r\u00edtmicos, los ni\u00f1os desarrollan la percepci\u00f3n auditiva, el sentido del ritmo y la coordinaci\u00f3n motora.<\/p>\n<p data-start=\"1902\" data-end=\"2189\">A partir de los<strong data-start=\"1918\" data-end=\"1928\">7 a\u00f1os<\/strong>, introducimos la<strong data-start=\"1946\" data-end=\"1972\">formaci\u00f3n instrumental<\/strong>, donde los alumnos comienzan a tocar instrumentos como el piano, la guitarra, el viol\u00edn o la bater\u00eda. Todo el proceso se realiza de forma progresiva y natural, combinando teor\u00eda b\u00e1sica con pr\u00e1ctica musical activa.<\/p>\n<p data-start=\"2191\" data-end=\"2484\">Cada grupo est\u00e1 cuidadosamente formado seg\u00fan la edad y nivel de los alumnos, garantizando un ambiente de aprendizaje arm\u00f3nico, motivador y estimulante. Adem\u00e1s, fomentamos la participaci\u00f3n en<strong data-start=\"2382\" data-end=\"2427\">peque\u00f1os conjuntos y orquestas infantiles<\/strong>, lo que refuerza la colaboraci\u00f3n y el trabajo en equipo.<\/p>\n<\/div><div ><a class=\"fusion-button button-flat button-xlarge button-default fusion-button-default button-2 fusion-button-default-span fusion-button-default-type\" target=\"_self\" href=\"https:\/\/landanamusical.com\/professorat\/\"><span class=\"fusion-button-text awb-button__text awb-button__text--default\">Conocenos<\/span><\/a><\/div><\/div><\/div><\/div><\/div><div class=\"fusion-fullwidth fullwidth-box fusion-builder-row-3 fusion-flex-container has-pattern-background has-mask-background nonhundred-percent-fullwidth non-hundred-percent-height-scrolling\" style=\"--awb-border-radius-top-left:0px;--awb-border-radius-top-right:0px;--awb-border-radius-bottom-right:0px;--awb-border-radius-bottom-left:0px;--awb-margin-top:10px;--awb-margin-bottom:10px;--awb-flex-wrap:wrap;\" ><div class=\"fusion-builder-row fusion-row fusion-flex-align-items-stretch fusion-flex-content-wrap\" style=\"max-width:1456px;margin-left: calc(-4% \/ 2 );margin-right: calc(-4% \/ 2 );\"><div class=\"fusion-layout-column fusion_builder_column fusion-builder-column-3 fusion_builder_column_1_2 1_2 fusion-flex-column fusion-flex-align-self-center\" style=\"--awb-bg-size:cover;--awb-width-large:50%;--awb-margin-top-large:0px;--awb-spacing-right-large:3.84%;--awb-margin-bottom-large:20px;--awb-spacing-left-large:3.84%;--awb-width-medium:50%;--awb-order-medium:0;--awb-spacing-right-medium:3.84%;--awb-spacing-left-medium:3.84%;--awb-width-small:100%;--awb-order-small:0;--awb-spacing-right-small:1.92%;--awb-spacing-left-small:1.92%;\" data-scroll-devices=\"small-visibility,medium-visibility,large-visibility\"><div class=\"fusion-column-wrapper fusion-column-has-shadow fusion-flex-justify-content-center fusion-content-layout-column\"><div class=\"fusion-title title fusion-title-3 fusion-sep-none fusion-title-text fusion-title-size-four\"><h4 class=\"fusion-title-heading title-heading-left fusion-responsive-typography-calculated\" style=\"margin:0;text-transform:capitalize;--fontSize:30;line-height:var(--awb-typography1-line-height);\">Profesoras expertos y metodolog\u00eda moderna<\/h4><\/div><div class=\"fusion-text fusion-text-3\"><p data-start=\"2547\" data-end=\"3028\">Nuestro equipo docente est\u00e1 formado por<strong data-start=\"2587\" data-end=\"2656\">profesoras titulados en pedagog\u00eda musical y m\u00fasicos profesionales<\/strong>, con una amplia trayectoria en el \u00e1mbito de la ense\u00f1anza infantil. Sabemos que cada ni\u00f1o tiene su propio ritmo de aprendizaje, por eso aplicamos una<strong data-start=\"2806\" data-end=\"2855\">metodolog\u00eda moderna, flexible y personalizada<\/strong>, inspirada en m\u00e9todos internacionales como<strong data-start=\"2899\" data-end=\"2936\">Orff-Schulwerk, Suzuki y Dalcroze<\/strong>, que combinan el movimiento, la improvisaci\u00f3n y la creatividad con la t\u00e9cnica instrumental.<\/p>\n<p data-start=\"3030\" data-end=\"3293\">Durante las clases, los alumnos aprenden no s\u00f3lo a tocar, sino tambi\u00e9n en<strong data-start=\"3103\" data-end=\"3137\">comprender el lenguaje musical<\/strong>de forma intuitiva. Se promueve la participaci\u00f3n activa, la escucha atenta y la expresi\u00f3n corporal, permitiendo que la m\u00fasica se viva de forma integral.<\/p>\n<p data-start=\"3295\" data-end=\"3484\">Adem\u00e1s, ofrecemos<strong data-start=\"3313\" data-end=\"3381\">talleres de educaci\u00f3n auditiva, coro infantil y juegos musicales<\/strong>, donde los ni\u00f1os se diverten mientras fortalecen sus habilidades de coordinaci\u00f3n, memoria y atenci\u00f3n.<\/p>\n<\/div><\/div><\/div><div class=\"fusion-layout-column fusion_builder_column fusion-builder-column-4 fusion_builder_column_1_2 1_2 fusion-flex-column fusion-flex-align-self-stretch\" style=\"--awb-bg-size:cover;--awb-width-large:50%;--awb-margin-top-large:0px;--awb-spacing-right-large:3.84%;--awb-margin-bottom-large:20px;--awb-spacing-left-large:3.84%;--awb-width-medium:50%;--awb-order-medium:0;--awb-spacing-right-medium:3.84%;--awb-spacing-left-medium:3.84%;--awb-width-small:100%;--awb-order-small:0;--awb-spacing-right-small:1.92%;--awb-spacing-left-small:1.92%;\" data-scroll-devices=\"small-visibility,medium-visibility,large-visibility\"><div class=\"fusion-column-wrapper lazyload fusion-column-has-shadow fusion-flex-justify-content-flex-start fusion-content-layout-column fusion-empty-column-bg-image fusion-column-has-bg-image\" data-bg-url=\"https:\/\/landanamusical.com\/wp-content\/uploads\/2025\/09\/musica-en-familia8-scaled.jpg\" data-bg=\"https:\/\/landanamusical.com\/wp-content\/uploads\/2025\/09\/musica-en-familia8-scaled.jpg\"><img decoding=\"async\" class=\"fusion-empty-dims-img-placeholder fusion-no-large-visibility fusion-no-medium-visibility\" alt=\"M\u00fasica En Fam\u00edlia(8)\" aria-label=\"M\u00fasica En Fam\u00edlia(8)\" src=\"data:image\/svg+xml,%3Csvg%20xmlns%3D%27http%3A%2F%2Fwww.w3.org%2F2000%2Fsvg%27%20width%3D%272560%27%20height%3D%271707%27%20viewBox%3D%270%200%202560%201707%27%3E%3Crect%20width%3D%272560%27%20height%3D%271707%27%20fill-opacity%3D%220%22%2F%3E%3C%2Fsvg%3E\"><\/div><\/div><\/div><\/div><div class=\"fusion-fullwidth fullwidth-box fusion-builder-row-4 fusion-flex-container has-pattern-background has-mask-background nonhundred-percent-fullwidth non-hundred-percent-height-scrolling\" style=\"--awb-border-radius-top-left:0px;--awb-border-radius-top-right:0px;--awb-border-radius-bottom-right:0px;--awb-border-radius-bottom-left:0px;--awb-margin-top:10px;--awb-margin-bottom:10px;--awb-flex-wrap:wrap;\" ><div class=\"fusion-builder-row fusion-row fusion-flex-align-items-flex-start fusion-flex-content-wrap\" style=\"max-width:1456px;margin-left: calc(-4% \/ 2 );margin-right: calc(-4% \/ 2 );\"><div class=\"fusion-layout-column fusion_builder_column fusion-builder-column-5 fusion_builder_column_1_1 1_1 fusion-flex-column\" style=\"--awb-bg-size:cover;--awb-width-large:100%;--awb-margin-top-large:0px;--awb-spacing-right-large:1.92%;--awb-margin-bottom-large:20px;--awb-spacing-left-large:1.92%;--awb-width-medium:100%;--awb-order-medium:0;--awb-spacing-right-medium:1.92%;--awb-spacing-left-medium:1.92%;--awb-width-small:100%;--awb-order-small:0;--awb-spacing-right-small:1.92%;--awb-spacing-left-small:1.92%;\"><div class=\"fusion-column-wrapper fusion-column-has-shadow fusion-flex-justify-content-flex-start fusion-content-layout-column\"><div class=\"fusion-title title fusion-title-4 fusion-sep-none fusion-title-center fusion-title-text fusion-title-size-three\"><h3 class=\"fusion-title-heading title-heading-center fusion-responsive-typography-calculated\" style=\"margin:0;text-transform:capitalize;--fontSize:40;line-height:var(--awb-typography1-line-height);\">Clases de piano, guitarra, viol\u00edn, canto y m\u00e1s<\/h3><\/div><div class=\"fusion-text fusion-text-4\" style=\"--awb-content-alignment:center;\"><p data-start=\"3549\" data-end=\"3851\">En nuestra escuela, los ni\u00f1os pueden elegir entre una gran variedad de<strong data-start=\"3620\" data-end=\"3646\">instrumentos musicales<\/strong>, explorando aquellos conos que mejor se identifican. Impartimos<strong data-start=\"3714\" data-end=\"3796\">clases de piano, guitarra, viol\u00edn, canto, bater\u00eda, flauta, percusi\u00f3n y ukelele<\/strong>, tanto de forma individual como en grupos reducidos.<\/p>\n<p data-start=\"3853\" data-end=\"4258\">Cada instrumento se ense\u00f1a de forma progresiva, adaptada a la edad y nivel del alumno, fomentando siempre la motivaci\u00f3n y la autoexpresi\u00f3n.<br data-start=\"3993\" data-end=\"3996\" \/>Tambi\u00e9n organizamos<strong data-start=\"4016\" data-end=\"4090\">audiciones trimestrales, conciertos familiares y actividades conjuntas<\/strong>, donde los ni\u00f1os comparten lo aprendido y ganan confianza sobre el escenario. Estas experiencias fortalecen la autoestima, la disciplina y el sentido de pertenencia.<\/p>\n<\/div><\/div><\/div><\/div><\/div><\/p>\n","protected":false},"excerpt":{"rendered":"","protected":false},"author":1,"featured_media":0,"parent":0,"menu_order":0,"comment_status":"closed","ping_status":"closed","template":"","meta":{"footnotes":""},"class_list":["post-19937","page","type-page","status-publish","hentry"],"acf":[],"yoast_head":"<!-- This site is optimized with the Yoast SEO plugin v26.9 - https:\/\/yoast.com\/product\/yoast-seo-wordpress\/ -->\n<title>Escuela de musica infantil Valencia - Gabriel Garces Such<\/title>\n<meta name=\"robots\" content=\"index, follow, max-snippet:-1, max-image-preview:large, max-video-preview:-1\" \/>\n<link rel=\"canonical\" href=\"https:\/\/landanamusical.com\/escuela-de-musica-infantil-valencia\/\" \/>\n<meta property=\"og:locale\" content=\"ca_ES\" \/>\n<meta property=\"og:type\" content=\"article\" \/>\n<meta property=\"og:title\" content=\"Escuela de musica infantil Valencia - Gabriel Garces Such\" \/>\n<meta property=\"og:url\" content=\"https:\/\/landanamusical.com\/escuela-de-musica-infantil-valencia\/\" \/>\n<meta property=\"og:site_name\" content=\"Gabriel Garces Such\" \/>\n<meta property=\"article:modified_time\" content=\"2026-05-05T06:27:16+00:00\" \/>\n<meta name=\"twitter:card\" content=\"summary_large_image\" \/>\n<meta name=\"twitter:label1\" content=\"Temps estimat de lectura\" \/>\n\t<meta name=\"twitter:data1\" content=\"37 minuts\" \/>\n<!-- \/ Yoast SEO plugin. -->","yoast_head_json":{"title":"Escuela de musica infantil Valencia - Gabriel Garces Such","robots":{"index":"index","follow":"follow","max-snippet":"max-snippet:-1","max-image-preview":"max-image-preview:large","max-video-preview":"max-video-preview:-1"},"canonical":"https:\/\/landanamusical.com\/escuela-de-musica-infantil-valencia\/","og_locale":"ca_ES","og_type":"article","og_title":"Escuela de musica infantil Valencia - Gabriel Garces Such","og_url":"https:\/\/landanamusical.com\/escuela-de-musica-infantil-valencia\/","og_site_name":"Gabriel Garces Such","article_modified_time":"2026-05-05T06:27:16+00:00","twitter_card":"summary_large_image","twitter_misc":{"Temps estimat de lectura":"37 minuts"},"schema":{"@context":"https:\/\/schema.org","@graph":[{"@type":"WebPage","@id":"https:\/\/landanamusical.com\/escuela-de-musica-infantil-valencia\/","url":"https:\/\/landanamusical.com\/escuela-de-musica-infantil-valencia\/","name":"Escuela de musica infantil Valencia - Gabriel Garces Such","isPartOf":{"@id":"https:\/\/landanamusical.com\/#website"},"datePublished":"2025-10-04T05:16:17+00:00","dateModified":"2026-05-05T06:27:16+00:00","breadcrumb":{"@id":"https:\/\/landanamusical.com\/escuela-de-musica-infantil-valencia\/#breadcrumb"},"inLanguage":"ca","potentialAction":[{"@type":"ReadAction","target":["https:\/\/landanamusical.com\/escuela-de-musica-infantil-valencia\/"]}]},{"@type":"BreadcrumbList","@id":"https:\/\/landanamusical.com\/escuela-de-musica-infantil-valencia\/#breadcrumb","itemListElement":[{"@type":"ListItem","position":1,"name":"Portada","item":"https:\/\/landanamusical.com\/ca\/"},{"@type":"ListItem","position":2,"name":"Escuela de musica infantil Valencia"}]},{"@type":"WebSite","@id":"https:\/\/landanamusical.com\/#website","url":"https:\/\/landanamusical.com\/","name":"Gabriel Garces Such","description":"Escuela musical Valencia","potentialAction":[{"@type":"SearchAction","target":{"@type":"EntryPoint","urlTemplate":"https:\/\/landanamusical.com\/?s={search_term_string}"},"query-input":{"@type":"PropertyValueSpecification","valueRequired":true,"valueName":"search_term_string"}}],"inLanguage":"ca"},{"@type":"ImageObject","inLanguage":"ca","@id":"https:\/\/landanamusical.com\/escuela-de-musica-infantil-valencia\/#local-main-organization-logo","url":"","contentUrl":"","caption":"Gabriel Garces Such"}]}},"_links":{"self":[{"href":"https:\/\/landanamusical.com\/ca\/wp-json\/wp\/v2\/pages\/19937","targetHints":{"allow":["GET"]}}],"collection":[{"href":"https:\/\/landanamusical.com\/ca\/wp-json\/wp\/v2\/pages"}],"about":[{"href":"https:\/\/landanamusical.com\/ca\/wp-json\/wp\/v2\/types\/page"}],"author":[{"embeddable":true,"href":"https:\/\/landanamusical.com\/ca\/wp-json\/wp\/v2\/users\/1"}],"replies":[{"embeddable":true,"href":"https:\/\/landanamusical.com\/ca\/wp-json\/wp\/v2\/comments?post=19937"}],"version-history":[{"count":5,"href":"https:\/\/landanamusical.com\/ca\/wp-json\/wp\/v2\/pages\/19937\/revisions"}],"predecessor-version":[{"id":20193,"href":"https:\/\/landanamusical.com\/ca\/wp-json\/wp\/v2\/pages\/19937\/revisions\/20193"}],"wp:attachment":[{"href":"https:\/\/landanamusical.com\/ca\/wp-json\/wp\/v2\/media?parent=19937"}],"curies":[{"name":"wp","href":"https:\/\/api.w.org\/{rel}","templated":true}]}}