{"id":19944,"date":"2025-09-30T07:16:17","date_gmt":"2025-09-30T05:16:17","guid":{"rendered":"https:\/\/landanamusical.com\/accesibilidad\/"},"modified":"2026-05-05T07:18:40","modified_gmt":"2026-05-05T05:18:40","slug":"accessibilitat","status":"publish","type":"page","link":"https:\/\/landanamusical.com\/ca\/accessibilitat\/","title":{"rendered":"Accessibilitat"},"content":{"rendered":"<h2 class=\"fusion-responsive-typography-calculated\" data-fontsize=\"54\" data-lineheight=\"64.8px\"><span dir=\"auto\">Declaraci\u00f3 d&#8217;accessibilitat<\/span><\/h2>\n<p><span dir=\"auto\">landanamusical.com s&#8217;ha comprom\u00e8s a fer accessibles el vostre lloc web complint el Nivell AA segons la Norma UNE 301549:2020 (WCAG 2.1), que alhora es basa en les Directrius d&#8217;Accessibilitat per al Contingut Web 2.0 del W3C.<\/span><\/p>\n<p><span dir=\"auto\">Aquesta declaraci\u00f3 d&#8217;accessibilitat s&#8217;aplica al web https:\/\/landanamusical.com<\/span><\/p>\n<p><span dir=\"auto\">Per aquestes raons al lloc web s&#8217;han adoptat una s\u00e8rie de mesures amb l&#8217;objectiu de garantir l&#8217;accessibilitat dels continguts, per tal de:<\/span><\/p>\n<p><span dir=\"auto\">Facilitar l&#8217;acc\u00e9s dels usuaris independentment de les capacitats o del seu entorn.<\/span><br \/>\n<span dir=\"auto\">Permet accedir amb diferents agents d&#8217;usuari.<\/span><br \/>\n<span dir=\"auto\">Incloure continguts clars i ben estructurats.<\/span><br \/>\n<span dir=\"auto\">Millorar la navegaci\u00f3 i lexperi\u00e8ncia de lusuari.<\/span><\/p>\n<h3 class=\"fusion-responsive-typography-calculated\" data-fontsize=\"40\" data-lineheight=\"48px\"><span dir=\"auto\">Mesures adoptades<\/span><\/h3>\n<p><span dir=\"auto\">S&#8217;han adoptat les mesures seg\u00fcents:<\/span><\/p>\n<p><span dir=\"auto\">Separaci\u00f3 de contingut i presentaci\u00f3: \u00das de fulls d&#8217;estil (CSS) per a la presentaci\u00f3 de la informaci\u00f3 i de codi HTML per a la seva estructuraci\u00f3 correcta. La maquetaci\u00f3 s&#8217;adapta correctament als agents d&#8217;usuari m\u00e9s estesos i la mida de les fonts s&#8217;ha definit en mesures relatives per permetre&#8217;n el redimensionament.<\/span><br \/>\n<span dir=\"auto\">Alternativa a elements no textuals: Per a qualsevol element no textual s&#8217;han incl\u00f2s les alternatives necess\u00e0ries de manera que cap usuari no trobi barreres d&#8217;acc\u00e9s als continguts.<\/span><br \/>\n<span dir=\"auto\">Mecanismes de navegaci\u00f3 adequats: Els enlla\u00e7os ofereixen detalls de la funci\u00f3 o dest\u00ed de l&#8217;hiperenlla\u00e7. S&#8217;ofereixen mecanismes d&#8217;interacci\u00f3 que faciliten a l&#8217;usuari la localitzaci\u00f3 d&#8217;informaci\u00f3 i orientaci\u00f3 a trav\u00e9s del lloc.<\/span><br \/>\n<span dir=\"auto\">\u00das correcte dels est\u00e0ndards: Els documents del web s&#8217;han constru\u00eft sobre la base de les especificacions del W3C, l&#8217;organisme que marca els est\u00e0ndards internacionals que s&#8217;han d&#8217;usar a la web. Els documents s\u00f3n v\u00e0lids i ofereixen el marcatge adequat per a cada tipologia de contingut.<\/span><br \/>\n<span dir=\"auto\">Objectes programats: No es fan servir objectes programats per presentar la informaci\u00f3 ni oferir funcionalitats importants. Aix\u00f2 permet navegar pel lloc independentment de les tecnologies disponibles a l&#8217;agent d&#8217;usuari.<\/span><br \/>\n<span dir=\"auto\">&#8220;Accessibilitat dels pdf&#8217;s: Certs pdf&#8217;s publicats a la nostra web, no disposen d&#8217;una estructura accessible degut a impossibilitats t\u00e8cniques. En aquest cas i, si n&#8217;hi ha necessitat, poden escriure a la nostra secci\u00f3 de contacte i sol\u00b7licitar-nos el document&#8221;.<\/span><br \/>\n<span dir=\"auto\">Contacte<\/span><br \/>\n<span dir=\"auto\">Qualsevol queixa, consulta o suggeriment de millora sobre l&#8217;accessibilitat del web es podr\u00e0 canalitzar a trav\u00e9s de qualsevol dels mitjans disponibles a la secci\u00f3 de contacte del web.<\/span><\/p>\n<p>&nbsp;<\/p>\n<h3 class=\"fusion-responsive-typography-calculated\" data-fontsize=\"40\" data-lineheight=\"48px\"><span dir=\"auto\">Situaci\u00f3 de compliment<\/span><\/h3>\n<p><span dir=\"auto\">Aquest lloc web \u00e9s\u00a0<\/span><strong><span dir=\"auto\">parcialment conforme<\/span><\/strong><span dir=\"auto\">\u00a0amb el Reial decret 1112\/2018, de 7 de setembre, a causa de la manca de conformitat dels aspectes que s&#8217;indiquen a continuaci\u00f3.<\/span><\/p>\n<h3 class=\"fusion-responsive-typography-calculated\" data-fontsize=\"40\" data-lineheight=\"48px\"><span dir=\"auto\">Contingut no accessible<\/span><\/h3>\n<p><span dir=\"auto\">El contingut que es recull a continuaci\u00f3 no \u00e9s accessible pel seg\u00fcent:<\/span><\/p>\n<p><span dir=\"auto\">A causa de l&#8217;\u00fas d&#8217;un gestor de continguts que no pot garantir que els usuaris que editen els continguts compleixin totes les normes d&#8217;accessibilitat, no es pot garantir que tots els continguts siguin conformes amb les WCAG 2.1. En qualsevol cas, tenim el comprom\u00eds de solucionar aquests possibles problemes que ens siguin notificats.<\/span><\/p>\n<p><span dir=\"auto\">C\u00e0rrega desproporcionada: No \u00e9s aplicable.<\/span><\/p>\n<p><span dir=\"auto\">El contingut no entra dins de l&#8217;\u00e0mbit de la legislaci\u00f3 aplicable<\/span><\/p>\n<p><span dir=\"auto\">Fitxers ofim\u00e0tics en PDF o altres formats, aix\u00ed com aplicacions publicades abans del 20 de setembre de 2018 que no compleixin totalment tots els requisits d&#8217;accessibilitat.<\/span><\/p>\n<p><span dir=\"auto\">Continguts multim\u00e8dia en directe.<\/span><\/p>\n<p><span dir=\"auto\">Contingut multim\u00e8dia pregravat de base temporal o publicat abans de lentrada en vigor del Reial decret.<\/span><\/p>\n<p><span dir=\"auto\">Serveis de mapa i cartografia en l\u00ednia<\/span><\/p>\n<p><span dir=\"auto\">Continguts de tercers no finan\u00e7ats ni desenvolupats per landanamusical.com<\/span><\/p>\n<h3 class=\"fusion-responsive-typography-calculated\" data-fontsize=\"40\" data-lineheight=\"48px\"><span dir=\"auto\">Preparaci\u00f3 d&#8217;aquesta declaraci\u00f3 d&#8217;accessibilitat<\/span><\/h3>\n<p><span dir=\"auto\">Aquesta declaraci\u00f3 va ser preparada el 1 setembre de 2025.<\/span><\/p>\n<p><span dir=\"auto\">El m\u00e8tode emprat per preparar la declaraci\u00f3 ha estat mitjan\u00e7ant una autoavaluaci\u00f3 del lloc web per part de landanamusical.com i t\u00e8cnics del departament de desenvolupament web a trav\u00e9s d&#8217;an\u00e0lisis manuals de l&#8217;accessibilitat, complementades a trav\u00e9s de diferents eines semiautom\u00e0tiques, agents d&#8217;usuari i ajuts t\u00e8cnics.<\/span><\/p>\n<h3 class=\"fusion-responsive-typography-calculated\" data-fontsize=\"40\" data-lineheight=\"48px\"><span dir=\"auto\">Observacions i dades de contacte<\/span><\/h3>\n<p><span dir=\"auto\">Podeu realitzar comunicacions sobre requisits d&#8217;accessibilitat (article 10.2.a) del Reial Decret 1112\/2018, de 7 de setembre) com, per exemple:<\/span><\/p>\n<p><span dir=\"auto\">Informar sobre qualsevol possible incompliment per part daquest lloc web.<\/span><\/p>\n<p><span dir=\"auto\">Transmetre altres dificultats dacc\u00e9s al contingut.<\/span><\/p>\n<p><span dir=\"auto\">Formular qualsevol altra consulta o suggeriment de millora relativa a laccessibilitat del lloc web.<\/span><\/p>\n<p><span dir=\"auto\">A trav\u00e9s de les vies seg\u00fcents:<\/span><\/p>\n<p><span dir=\"auto\">A trav\u00e9s del formulari de suggeriments que landanamusical.com posa a la vostra disposici\u00f3.<\/span><\/p>\n<p><span dir=\"auto\">Correu electr\u00f2nic: info@landanamusical.com<\/span><\/p>\n<p><span dir=\"auto\">Presencialment a les oficines de landanamusical.com.<\/span><\/p>\n<p><span dir=\"auto\">Les comunicacions seran rebudes i tractades per la Unitat responsable d&#8217;accessibilitat del web de landanamusical.com, com a unitat responsable de l&#8217;accessibilitat dels continguts d&#8217;aquest lloc web.<\/span><\/p>\n<h3 class=\"fusion-responsive-typography-calculated\" data-fontsize=\"40\" data-lineheight=\"48px\"><span dir=\"auto\">Sol\u00b7licituds d&#8217;informaci\u00f3 accessible i queixes<\/span><\/h3>\n<p><span dir=\"auto\">Les sol\u00b7licituds dinformaci\u00f3 accessible i queixes seran presentades a trav\u00e9s de:<\/span><\/p>\n<p><span dir=\"auto\">A trav\u00e9s del formulari de suggeriments que landanamusical.com posa a la vostra disposici\u00f3.<\/span><\/p>\n<p><span dir=\"auto\">Correu electr\u00f2nic: info@landanamusical.com<\/span><\/p>\n","protected":false},"excerpt":{"rendered":"<p>Declaraci\u00f3 d&#8217;accessibilitat landanamusical.com s&#8217;ha comprom\u00e8s a fer accessibles el vostre&hellip; <a class=\"continue\" href=\"https:\/\/landanamusical.com\/ca\/accessibilitat\/\">Continuar<span> Accessibilitat<\/span><\/a><\/p>\n","protected":false},"author":1,"featured_media":0,"parent":0,"menu_order":0,"comment_status":"closed","ping_status":"closed","template":"","meta":{"footnotes":""},"class_list":["post-19944","page","type-page","status-publish","hentry"],"acf":[],"yoast_head":"<!-- This site is optimized with the Yoast SEO plugin v26.9 - https:\/\/yoast.com\/product\/yoast-seo-wordpress\/ -->\n<title>Accessibilitat - Gabriel Garces Such<\/title>\n<meta name=\"robots\" content=\"index, follow, max-snippet:-1, max-image-preview:large, max-video-preview:-1\" \/>\n<link rel=\"canonical\" href=\"https:\/\/landanamusical.com\/ca\/accessibilitat\/\" \/>\n<meta property=\"og:locale\" content=\"ca_ES\" \/>\n<meta property=\"og:type\" content=\"article\" \/>\n<meta property=\"og:title\" content=\"Accessibilitat - Gabriel Garces Such\" \/>\n<meta property=\"og:description\" content=\"Declaraci\u00f3 d&#8217;accessibilitat landanamusical.com s&#8217;ha comprom\u00e8s a fer accessibles el vostre&hellip; Continuar Accessibilitat\" \/>\n<meta property=\"og:url\" content=\"https:\/\/landanamusical.com\/ca\/accessibilitat\/\" \/>\n<meta property=\"og:site_name\" content=\"Gabriel Garces Such\" \/>\n<meta property=\"article:modified_time\" content=\"2026-05-05T05:18:40+00:00\" \/>\n<meta name=\"twitter:card\" content=\"summary_large_image\" \/>\n<meta name=\"twitter:label1\" content=\"Temps estimat de lectura\" \/>\n\t<meta name=\"twitter:data1\" content=\"4 minuts\" \/>\n<!-- \/ Yoast SEO plugin. -->","yoast_head_json":{"title":"Accessibilitat - Gabriel Garces Such","robots":{"index":"index","follow":"follow","max-snippet":"max-snippet:-1","max-image-preview":"max-image-preview:large","max-video-preview":"max-video-preview:-1"},"canonical":"https:\/\/landanamusical.com\/ca\/accessibilitat\/","og_locale":"ca_ES","og_type":"article","og_title":"Accessibilitat - Gabriel Garces Such","og_description":"Declaraci\u00f3 d&#8217;accessibilitat landanamusical.com s&#8217;ha comprom\u00e8s a fer accessibles el vostre&hellip; Continuar Accessibilitat","og_url":"https:\/\/landanamusical.com\/ca\/accessibilitat\/","og_site_name":"Gabriel Garces Such","article_modified_time":"2026-05-05T05:18:40+00:00","twitter_card":"summary_large_image","twitter_misc":{"Temps estimat de lectura":"4 minuts"},"schema":{"@context":"https:\/\/schema.org","@graph":[{"@type":"WebPage","@id":"https:\/\/landanamusical.com\/ca\/accessibilitat\/","url":"https:\/\/landanamusical.com\/ca\/accessibilitat\/","name":"Accessibilitat - Gabriel Garces Such","isPartOf":{"@id":"https:\/\/landanamusical.com\/#website"},"datePublished":"2025-09-30T05:16:17+00:00","dateModified":"2026-05-05T05:18:40+00:00","breadcrumb":{"@id":"https:\/\/landanamusical.com\/ca\/accessibilitat\/#breadcrumb"},"inLanguage":"ca","potentialAction":[{"@type":"ReadAction","target":["https:\/\/landanamusical.com\/ca\/accessibilitat\/"]}]},{"@type":"BreadcrumbList","@id":"https:\/\/landanamusical.com\/ca\/accessibilitat\/#breadcrumb","itemListElement":[{"@type":"ListItem","position":1,"name":"Portada","item":"https:\/\/landanamusical.com\/ca\/"},{"@type":"ListItem","position":2,"name":"Accessibilitat"}]},{"@type":"WebSite","@id":"https:\/\/landanamusical.com\/#website","url":"https:\/\/landanamusical.com\/","name":"Gabriel Garces Such","description":"Escuela musical Valencia","potentialAction":[{"@type":"SearchAction","target":{"@type":"EntryPoint","urlTemplate":"https:\/\/landanamusical.com\/?s={search_term_string}"},"query-input":{"@type":"PropertyValueSpecification","valueRequired":true,"valueName":"search_term_string"}}],"inLanguage":"ca"},{"@type":"ImageObject","inLanguage":"ca","@id":"https:\/\/landanamusical.com\/ca\/accessibilitat\/#local-main-organization-logo","url":"","contentUrl":"","caption":"Gabriel Garces Such"}]}},"_links":{"self":[{"href":"https:\/\/landanamusical.com\/ca\/wp-json\/wp\/v2\/pages\/19944","targetHints":{"allow":["GET"]}}],"collection":[{"href":"https:\/\/landanamusical.com\/ca\/wp-json\/wp\/v2\/pages"}],"about":[{"href":"https:\/\/landanamusical.com\/ca\/wp-json\/wp\/v2\/types\/page"}],"author":[{"embeddable":true,"href":"https:\/\/landanamusical.com\/ca\/wp-json\/wp\/v2\/users\/1"}],"replies":[{"embeddable":true,"href":"https:\/\/landanamusical.com\/ca\/wp-json\/wp\/v2\/comments?post=19944"}],"version-history":[{"count":2,"href":"https:\/\/landanamusical.com\/ca\/wp-json\/wp\/v2\/pages\/19944\/revisions"}],"predecessor-version":[{"id":20138,"href":"https:\/\/landanamusical.com\/ca\/wp-json\/wp\/v2\/pages\/19944\/revisions\/20138"}],"wp:attachment":[{"href":"https:\/\/landanamusical.com\/ca\/wp-json\/wp\/v2\/media?parent=19944"}],"curies":[{"name":"wp","href":"https:\/\/api.w.org\/{rel}","templated":true}]}}