{"id":19945,"date":"2025-09-25T07:16:17","date_gmt":"2025-09-25T05:16:17","guid":{"rendered":"https:\/\/landanamusical.com\/mapa-del-sitio\/"},"modified":"2026-05-05T07:18:40","modified_gmt":"2026-05-05T05:18:40","slug":"mapa-del-lloc","status":"publish","type":"page","link":"https:\/\/landanamusical.com\/ca\/mapa-del-lloc\/","title":{"rendered":"Mapa del lloc"},"content":{"rendered":"<div class=\"wsp-container\"><h2 class=\"wsp-pages-title\">P\u00e0gines<\/h2>\n<ul class=\"wsp-pages-list\">\n<li class=\"page_item page-item-19944\"><a href=\"https:\/\/landanamusical.com\/ca\/accessibilitat\/\">Accessibilitat<\/a><\/li>\n<li class=\"page_item page-item-19936\"><a href=\"https:\/\/landanamusical.com\/ca\/clases-de-trompeta-valencia\/\">Clases de trompeta Valencia<\/a><\/li>\n<li class=\"page_item page-item-19943\"><a href=\"https:\/\/landanamusical.com\/ca\/condicions-dus\/\">Condicions d&#8217;\u00fas<\/a><\/li>\n<li class=\"page_item page-item-19931\"><a href=\"https:\/\/landanamusical.com\/ca\/contacte\/\">Contacte<\/a><\/li>\n<li class=\"page_item page-item-19940\"><a href=\"https:\/\/landanamusical.com\/ca\/cursos\/\">Cursos<\/a><\/li>\n<li class=\"page_item page-item-19930\"><a href=\"https:\/\/landanamusical.com\/ca\/discs-de-landana\/\">Discs de l\u2019andana<\/a><\/li>\n<li class=\"page_item page-item-19927\"><a href=\"https:\/\/landanamusical.com\/ca\/el-meu-compte\/\">El meu compte<\/a><\/li>\n<li class=\"page_item page-item-19937\"><a href=\"https:\/\/landanamusical.com\/ca\/escuela-de-musica-infantil-valencia\/\">Escuela de musica infantil Valencia<\/a><\/li>\n<li class=\"page_item page-item-19946\"><a href=\"https:\/\/landanamusical.com\/ca\/espai-families\/\">Espai fam\u00edlies<\/a><\/li>\n<li class=\"page_item page-item-19942\"><a href=\"https:\/\/landanamusical.com\/ca\/\">L\u2019escola<\/a><\/li>\n<li class=\"page_item page-item-19932\"><a href=\"https:\/\/landanamusical.com\/ca\/llei-de-cookies\/\">Llei de cookies<\/a><\/li>\n<li class=\"page_item page-item-19945\"><a href=\"https:\/\/landanamusical.com\/ca\/mapa-del-lloc\/\">Mapa del lloc<\/a><\/li>\n<li class=\"page_item page-item-19938\"><a href=\"https:\/\/landanamusical.com\/ca\/politica-de-privadesa\/\">Pol\u00edtica de privadesa<\/a><\/li>\n<li class=\"page_item page-item-19928\"><a href=\"https:\/\/landanamusical.com\/ca\/professorat\/\">Professorat<\/a><\/li>\n<li class=\"page_item page-item-19939\"><a href=\"https:\/\/landanamusical.com\/ca\/tallers\/\">Tallers<\/a><\/li>\n<li class=\"page_item page-item-19934\"><a href=\"https:\/\/landanamusical.com\/ca\/tallers-esporadics\/\">Tallers espor\u00e0dics<\/a><\/li>\n<li class=\"page_item page-item-19933\"><a href=\"https:\/\/landanamusical.com\/ca\/tallers-itinerants\/\">Tallers itinerants<\/a><\/li>\n<\/ul>\n<h2 class=\"wsp-posts-title\">Entrades per categoria<\/h2>\n<ul class=\"wsp-posts-list\">\n\t<li><strong class=\"wsp-category-title\">Categoria:<a href=\"https:\/\/landanamusical.com\/ca\/category\/blog\/\">Blog<\/a><\/strong>\n<ul class=\"wsp-posts-list\">\t\t<li class=\"wsp-post\"><a href=\"https:\/\/landanamusical.com\/concert-dalumnes-a-valencia-els-joves-musics-omplin-lescenari-de-talent\/\">Concierto de alumnos de Valencia: los j\u00f3venes m\u00fasicos llenan el escenario de talento<\/a><\/li>\n\t\t<li class=\"wsp-post\"><a href=\"https:\/\/landanamusical.com\/ca\/concert-dalumnes-a-valencia-els-joves-musics-omplin-lescenari-de-talent\/\">Concierto de alumnos de Valencia: los j\u00f3venes m\u00fasicos llenan el escenario de talento<\/a><\/li>\n\t\t<li class=\"wsp-post\"><a href=\"https:\/\/landanamusical.com\/valencia-vibra-amb-les-trompetes-nova-aula-especialitzada-per-a-xiquets-i-adults\/\">Valencia vibra con las trompetas: nueva aula especializada para ni\u00f1os y adultos<\/a><\/li>\n\t\t<li class=\"wsp-post\"><a href=\"https:\/\/landanamusical.com\/ca\/valencia-vibra-amb-les-trompetes-nova-aula-especialitzada-per-a-xiquets-i-adults\/\">Valencia vibra con las trompetas: nueva aula especializada para ni\u00f1os y adultos<\/a><\/li>\n\t\t<li class=\"wsp-post\"><a href=\"https:\/\/landanamusical.com\/nou-curs-diniciacio-musical-per-a-xiquets-a-valencia-inscripcions-obertes\/\">Nuevo curso de iniciaci\u00f3n musical para ni\u00f1os en Valencia: inscripciones abiertas<\/a><\/li>\n\t\t<li class=\"wsp-post\"><a href=\"https:\/\/landanamusical.com\/ca\/nou-curs-diniciacio-musical-per-a-xiquets-a-valencia-inscripcions-obertes\/\">Nuevo curso de iniciaci\u00f3n musical para ni\u00f1os en Valencia: inscripciones abiertas<\/a><\/li>\n<\/ul><\/li>\n\t<li><strong class=\"wsp-category-title\">Categoria:<a href=\"https:\/\/landanamusical.com\/ca\/category\/consejos\/\">Consejos<\/a><\/strong>\n<ul class=\"wsp-posts-list\">\t\t<li class=\"wsp-post\"><a href=\"https:\/\/landanamusical.com\/ca\/5-tips-para-elegir-la-mejor-escuela-de-musica-infantil-en-valencia\/\">5 Tips para Elegir la Mejor Escuela de M\u00fasica Infantil en Valencia<\/a><\/li>\n<\/ul><\/li>\n\t<li><strong class=\"wsp-category-title\">Categoria:<a href=\"https:\/\/landanamusical.com\/ca\/category\/tendencias\/\">Tendencias<\/a><\/strong>\n<ul class=\"wsp-posts-list\">\t\t<li class=\"wsp-post\"><a href=\"https:\/\/landanamusical.com\/ca\/tendencias-en-la-ensenanza-musical-infantil-en-valencia-la-revolucion-de-las-escuelas-de-musica-para-ninos\/\">Tendencias en la ense\u00f1anza musical infantil en Valencia: la revoluci\u00f3n de las escuelas de m\u00fasica para ni\u00f1os<\/a><\/li>\n<\/ul><\/li>\n<\/ul>\n<h2 class=\"wsp-cursos-title\">Cursos<\/h2>\n<ul class=\"wsp-cursos-list\">\n<li><a href=\"https:\/\/landanamusical.com\/ca\/curso\/musica-en-familia-12-24-mesos\/\">M\u00fasica en fam\u00edlia. 12-24 mesos<\/a><\/li>\n<li><a href=\"https:\/\/landanamusical.com\/ca\/curso\/musica-en-familia-3\/\">M\u00fasica en fam\u00edlia 3<\/a><\/li>\n<li><a href=\"https:\/\/landanamusical.com\/ca\/curso\/flauta-travessera\/\">FLAUTA TRAVESSERA<\/a><\/li>\n<li><a href=\"https:\/\/landanamusical.com\/ca\/curso\/ensemble\/\">ENSEMBLE<\/a><\/li>\n<li><a href=\"https:\/\/landanamusical.com\/ca\/curso\/trompeta-nivell-avancat\/\">TROMPETA NIVELL AVAN\u00c7AT<\/a><\/li>\n<li><a href=\"https:\/\/landanamusical.com\/ca\/curso\/trompeta-nivell-intermedi\/\">TROMPETA NIVELL INTERMEDI<\/a><\/li>\n<li><a href=\"https:\/\/landanamusical.com\/ca\/curso\/trompeta-nivell-principiant\/\">TROMPETA NIVELL PRINCIPIANT<\/a><\/li>\n<li><a href=\"https:\/\/landanamusical.com\/ca\/curso\/el-llenguatge-musical\/\">EL LLENGUATGE MUSICAL<\/a><\/li>\n<li><a href=\"https:\/\/landanamusical.com\/ca\/curso\/entenent-la-musica\/\">ENTENENT LA M\u00daSICA<\/a><\/li>\n<li><a href=\"https:\/\/landanamusical.com\/ca\/curso\/jugant-amb-la-musica-iii\/\">JUGANT AMB LA M\u00daSICA III<\/a><\/li>\n<li><a href=\"https:\/\/landanamusical.com\/ca\/curso\/jugant-amb-la-musica-ii\/\">JUGANT AMB LA M\u00daSICA II<\/a><\/li>\n<li><a href=\"https:\/\/landanamusical.com\/ca\/curso\/jugant-amb-la-musica-i\/\">JUGANT AMB LA M\u00daSICA I<\/a><\/li>\n<li><a href=\"https:\/\/landanamusical.com\/ca\/curso\/musica-en-familia-2\/\">M\u00fasica en fam\u00edlia. 0-12 mesos<\/a><\/li>\n<\/ul>\n<h2 class=\"wsp-wpa-stats-types-title\">Stats Types<\/h2>\n<ul class=\"wsp-wpa-stats-types-list\">\n<li><a href=\"https:\/\/landanamusical.com\/ca\/wpa-stats-type\/android\/\">Android<\/a><\/li>\n<li><a href=\"https:\/\/landanamusical.com\/wpa-stats-type\/chrome\/\">Chrome<\/a><\/li>\n<li><a href=\"https:\/\/landanamusical.com\/ca\/wpa-stats-type\/firefox\/\">Firefox<\/a><\/li>\n<li><a href=\"https:\/\/landanamusical.com\/ca\/wpa-stats-type\/macintosh\/\">Macintosh<\/a><\/li>\n<li><a href=\"https:\/\/landanamusical.com\/ca\/wpa-stats-type\/samsung-browser\/\">Samsung Browser<\/a><\/li>\n<li><a href=\"https:\/\/landanamusical.com\/wpa-stats-type\/view\/\">view<\/a><\/li>\n<li><a href=\"https:\/\/landanamusical.com\/wpa-stats-type\/windows\/\">Windows<\/a><\/li>\n<\/ul>\n<\/div>\n","protected":false},"excerpt":{"rendered":"","protected":false},"author":1,"featured_media":0,"parent":0,"menu_order":0,"comment_status":"closed","ping_status":"closed","template":"","meta":{"footnotes":""},"class_list":["post-19945","page","type-page","status-publish","hentry"],"acf":[],"yoast_head":"<!-- This site is optimized with the Yoast SEO plugin v26.9 - https:\/\/yoast.com\/product\/yoast-seo-wordpress\/ -->\n<title>Mapa del lloc - Gabriel Garces Such<\/title>\n<meta name=\"robots\" content=\"index, follow, max-snippet:-1, max-image-preview:large, max-video-preview:-1\" \/>\n<link rel=\"canonical\" href=\"https:\/\/landanamusical.com\/ca\/mapa-del-lloc\/\" \/>\n<meta property=\"og:locale\" content=\"ca_ES\" \/>\n<meta property=\"og:type\" content=\"article\" \/>\n<meta property=\"og:title\" content=\"Mapa del lloc - Gabriel Garces Such\" \/>\n<meta property=\"og:url\" content=\"https:\/\/landanamusical.com\/ca\/mapa-del-lloc\/\" \/>\n<meta property=\"og:site_name\" content=\"Gabriel Garces Such\" \/>\n<meta property=\"article:modified_time\" content=\"2026-05-05T05:18:40+00:00\" \/>\n<meta name=\"twitter:card\" content=\"summary_large_image\" \/>\n<!-- \/ Yoast SEO plugin. -->","yoast_head_json":{"title":"Mapa del lloc - Gabriel Garces Such","robots":{"index":"index","follow":"follow","max-snippet":"max-snippet:-1","max-image-preview":"max-image-preview:large","max-video-preview":"max-video-preview:-1"},"canonical":"https:\/\/landanamusical.com\/ca\/mapa-del-lloc\/","og_locale":"ca_ES","og_type":"article","og_title":"Mapa del lloc - Gabriel Garces Such","og_url":"https:\/\/landanamusical.com\/ca\/mapa-del-lloc\/","og_site_name":"Gabriel Garces Such","article_modified_time":"2026-05-05T05:18:40+00:00","twitter_card":"summary_large_image","schema":{"@context":"https:\/\/schema.org","@graph":[{"@type":"WebPage","@id":"https:\/\/landanamusical.com\/ca\/mapa-del-lloc\/","url":"https:\/\/landanamusical.com\/ca\/mapa-del-lloc\/","name":"Mapa del lloc - Gabriel Garces Such","isPartOf":{"@id":"https:\/\/landanamusical.com\/#website"},"datePublished":"2025-09-25T05:16:17+00:00","dateModified":"2026-05-05T05:18:40+00:00","breadcrumb":{"@id":"https:\/\/landanamusical.com\/ca\/mapa-del-lloc\/#breadcrumb"},"inLanguage":"ca","potentialAction":[{"@type":"ReadAction","target":["https:\/\/landanamusical.com\/ca\/mapa-del-lloc\/"]}]},{"@type":"BreadcrumbList","@id":"https:\/\/landanamusical.com\/ca\/mapa-del-lloc\/#breadcrumb","itemListElement":[{"@type":"ListItem","position":1,"name":"Portada","item":"https:\/\/landanamusical.com\/ca\/"},{"@type":"ListItem","position":2,"name":"Mapa del lloc"}]},{"@type":"WebSite","@id":"https:\/\/landanamusical.com\/#website","url":"https:\/\/landanamusical.com\/","name":"Gabriel Garces Such","description":"Escuela musical Valencia","potentialAction":[{"@type":"SearchAction","target":{"@type":"EntryPoint","urlTemplate":"https:\/\/landanamusical.com\/?s={search_term_string}"},"query-input":{"@type":"PropertyValueSpecification","valueRequired":true,"valueName":"search_term_string"}}],"inLanguage":"ca"},{"@type":"ImageObject","inLanguage":"ca","@id":"https:\/\/landanamusical.com\/ca\/mapa-del-lloc\/#local-main-organization-logo","url":"","contentUrl":"","caption":"Gabriel Garces Such"}]}},"_links":{"self":[{"href":"https:\/\/landanamusical.com\/ca\/wp-json\/wp\/v2\/pages\/19945","targetHints":{"allow":["GET"]}}],"collection":[{"href":"https:\/\/landanamusical.com\/ca\/wp-json\/wp\/v2\/pages"}],"about":[{"href":"https:\/\/landanamusical.com\/ca\/wp-json\/wp\/v2\/types\/page"}],"author":[{"embeddable":true,"href":"https:\/\/landanamusical.com\/ca\/wp-json\/wp\/v2\/users\/1"}],"replies":[{"embeddable":true,"href":"https:\/\/landanamusical.com\/ca\/wp-json\/wp\/v2\/comments?post=19945"}],"version-history":[{"count":2,"href":"https:\/\/landanamusical.com\/ca\/wp-json\/wp\/v2\/pages\/19945\/revisions"}],"predecessor-version":[{"id":20132,"href":"https:\/\/landanamusical.com\/ca\/wp-json\/wp\/v2\/pages\/19945\/revisions\/20132"}],"wp:attachment":[{"href":"https:\/\/landanamusical.com\/ca\/wp-json\/wp\/v2\/media?parent=19945"}],"curies":[{"name":"wp","href":"https:\/\/api.w.org\/{rel}","templated":true}]}}